{"id":13279,"date":"2025-01-24T13:46:53","date_gmt":"2025-01-24T13:46:53","guid":{"rendered":"https:\/\/boheme-luzern.ch\/?page_id=13279"},"modified":"2025-03-25T11:59:23","modified_gmt":"2025-03-25T11:59:23","slug":"boheme-2025","status":"publish","type":"page","link":"https:\/\/boheme-luzern.ch\/index.php\/fotos\/boheme-2025\/","title":{"rendered":"Boh\u00e8me 2025"},"content":{"rendered":"<h1><strong>Fasnachtsprogramm 2025<\/strong><\/h1>\n<ul>\n<li>\n<h3><span style=\"color: #0000ff;\"><strong><a style=\"color: #0000ff;\" href=\"https:\/\/boheme-luzern.ch\/wp-content\/uploads\/2025\/01\/Fasnachtsprogramm-2025.pdf\" target=\"_blank\" rel=\"noopener\">Fasnachtsprogramm 2025<\/a><\/strong><\/span><\/h3>\n<\/li>\n<li>\n<h3><a href=\"https:\/\/boheme-luzern.ch\/wp-content\/uploads\/2025\/01\/Boheme-Musik-Lozaern-Programm-2025-Druckversion.pdf\" target=\"_blank\" rel=\"noopener\"><strong><span style=\"color: #0000ff;\">Bohe\u0300me Musik Loza\u0308rn Programm 2025 (Druckversion)<\/span><\/strong><\/a><\/h3>\n<\/li>\n<\/ul>\n<h1><strong>Schmutziger Donnerstag 2025<\/strong><\/h1>\n<h3><strong>Urknall<\/strong><\/h3>\n<h3><a href=\"https:\/\/www.tele1.ch\/nachrichten\/endlich-wieder-fasnacht-die-tagwache-mit-urknall-und-foetzeliraege-im-video-145580195\" target=\"_blank\" rel=\"noopener\"><span style=\"color: #0000ff;\"><strong>Bericht von Tele 1<\/strong><\/span><\/a><\/h3>\n<h3><strong>Tagwache&nbsp;<\/strong><\/h3>\n<h3><span style=\"color: #0000ff;\"><strong><a style=\"color: #0000ff;\" href=\"https:\/\/m.youtube.com\/watch?v=P4M9R6-zioc\" target=\"_blank\" rel=\"noopener\">Link zu &lt;youtube.com&gt;<\/a><\/strong><\/span><\/h3>\n<p>&nbsp;<\/p>\n<h3><strong>Fr\u00fchst\u00fcck im Wilden Mann<\/strong><\/h3>\n<h3><a href=\"https:\/\/www.flickr.com\/photos\/freymarkus\/albums\/72177720324451051\" target=\"_blank\" rel=\"noopener\"><strong><span style=\"color: #0000ff;\">Link zu &lt;flickr.com\/photos\/freymarkus&gt;<\/span><\/strong><\/a><\/h3>\n<h3><strong>Die alten 4<\/strong><\/h3>\n<h3><strong><span style=\"color: #0000ff;\"><a style=\"color: #0000ff;\" href=\"https:\/\/www.flickr.com\/photos\/freymarkus\/albums\/72177720324445060\" target=\"_blank\" rel=\"noopener\">Link zu &lt;flickr.com\/photos\/freymarkus&gt;<\/a><\/span><\/strong><\/h3>\n<h3><span style=\"color: #333333;\"><strong>Die alten 4 im Stadtkeller_SMUDO 2025 (Fotos)<\/strong><\/span><\/h3>\n<h3><a href=\"https:\/\/www.flickr.com\/photos\/freymarkus\/albums\/72177720324460530\" target=\"_blank\" rel=\"noopener\"><span style=\"color: #0000ff;\"><strong>Link zu &lt;flickr.com\/photos\/freymarkus&gt;<\/strong><\/span><\/a><\/h3>\n<h3><span style=\"color: #333399;\"><strong>Die alten 4 im Stadtkeller_SMUDO 2025 (Video)<\/strong><\/span><\/h3>\n<h3><a href=\"https:\/\/m.youtube.com\/watch?v=hVjt3JbGxM4&amp;pp=ygUaRGllIGFsdGVuIDQgaW0gU3RhZHRrZWxsZXI%3D\" target=\"_blank\" rel=\"noopener\"><strong><span style=\"color: #0000ff;\">Link zu &lt;youtube.com&gt;<\/span><\/strong><\/a><\/h3>\n<p>&#8230;&#8230;&#8230;&#8230;&#8230;&#8230;&#8230;&#8230;&#8230;&#8230;&#8230;&#8230;&#8230;&#8230;&#8230;&#8230;&#8230;&#8230;&#8230;&#8230;&#8230;&#8230;&#8230;&#8230;&#8230;&#8230;&#8230;&#8230;&#8230;&#8230;&#8230;&#8230;&#8230;&#8230;&#8230;&#8230;&#8230;&#8230;&#8230;&#8230;&#8230;&#8230;&#8230;&#8230;&#8230;&#8230;&#8230;&#8230;.<\/p>\n<h1><strong>G\u00fcdismontag 2025<\/strong><\/h1>\n<h3><strong>Tagwache<\/strong><\/h3>\n<h3><strong>Bericht von Tele 1<\/strong><\/h3>\n<h3 class=\"article-detail__title\"><a href=\"https:\/\/www.tele1.ch\/fasnacht2025\/fasnachtsreport-guedismontag-2025-160039302\" target=\"_blank\" rel=\"noopener\"><strong><span style=\"color: #0000ff;\">Fasnachtsreport G\u00fcdismontag 2025 von Tele 1<\/span><\/strong><\/a><\/h3>\n<h3><strong>Photos der Tagwache (Fotos)<\/strong><\/h3>\n<h3><a href=\"https:\/\/www.flickr.com\/photos\/freymarkus\/albums\/72177720324489657\" target=\"_blank\" rel=\"noopener\"><span style=\"color: #0000ff;\"><strong>Link zu &lt;flickr.com\/photos\/freymarkus&gt;<\/strong><\/span><\/a><\/h3>\n<h3><strong>Fr\u00fchst\u00fcck im Wilden Mann (Fotos)<\/strong><\/h3>\n<h3><a href=\"https:\/\/www.flickr.com\/photos\/freymarkus\/albums\/72177720324466616\" target=\"_blank\" rel=\"noopener\"><span style=\"color: #0000ff;\"><strong>Link zu &lt;flickr.com\/photos\/freymarkus&gt;<\/strong><\/span><\/a><\/h3>\n<p>&nbsp;<\/p>\n<h3><strong>100 Jahre Weyzunft Luzern: Wir begleiten die Weyzunft (Fotos)<\/strong><\/h3>\n<h3><strong><a href=\"https:\/\/www.flickr.com\/photos\/freymarkus\/albums\/72177720324477813\" target=\"_blank\" rel=\"noopener\"><span style=\"color: #0000ff;\">Link zu &lt;flickr.com\/photos\/freymarkus&gt;<\/span><\/a><\/strong><\/h3>\n<h3><strong>100 Jahre Weyzunft Luzern (Video)<\/strong><\/h3>\n<h3><a href=\"https:\/\/m.youtube.com\/watch?v=dl-w34zQd8o&amp;t=18s&amp;pp=ygUVd2V5IHp1bmZ0IGx1emVybiAyMDI1\" target=\"_blank\" rel=\"noopener\"><span style=\"color: #0000ff;\"><strong>Link zu &lt;youtube.com&gt;<\/strong><\/span><\/a><\/h3>\n<h3><strong>G\u00f6nnerapero im Sentitreff (Fotos)<\/strong><\/h3>\n<h3><span style=\"color: #0000ff;\"><strong><a style=\"color: #0000ff;\" href=\"https:\/\/www.flickr.com\/photos\/freymarkus\/albums\/72177720324467626\" target=\"_blank\" rel=\"noopener\">Link zu &lt;flickr.com\/photos\/freymarkus&gt;<\/a><\/strong><\/span><\/h3>\n<h3><strong>G\u00f6nnerap\u00e9ro 2025 im Sentitreff Luzern (Video)<\/strong><\/h3>\n<h3><a href=\"https:\/\/youtu.be\/Izph0TrabBQ\" target=\"_blank\" rel=\"noopener\"><strong><span style=\"color: #0000ff;\">Link zu &lt;youtube.com&gt;<\/span><\/strong><\/a><\/h3>\n<p>&nbsp;<\/p>\n<p>&#8230;&#8230;&#8230;&#8230;&#8230;&#8230;&#8230;&#8230;&#8230;&#8230;&#8230;&#8230;&#8230;&#8230;&#8230;&#8230;&#8230;&#8230;&#8230;&#8230;&#8230;&#8230;&#8230;&#8230;&#8230;&#8230;&#8230;&#8230;&#8230;&#8230;&#8230;&#8230;&#8230;&#8230;&#8230;&#8230;&#8230;&#8230;&#8230;&#8230;&#8230;&#8230;&#8230;&#8230;&#8230;&#8230;&#8230;&#8230;.<\/p>\n<h1><strong>G\u00fcdisdienstag 2025<\/strong><\/h1>\n<h3><strong>Monstercorso (ganze \u00dcbertragung)<\/strong><\/h3>\n<h3><a href=\"https:\/\/www.tele1.ch\/fasnacht2025\/fasnacht-monstercorso-2025-160039306\" target=\"_blank\" rel=\"noopener\"><strong><span style=\"color: #0000ff;\">Bericht von Tele 1<\/span><\/strong><\/a><\/h3>\n<h3><strong>Die Boh\u00e8me-Musik am Monstercorso 2025<\/strong><br \/>\n<strong>(Ausschnitt aus der \u00dcbertragung von Tele 1)<\/strong><\/h3>\n<h3><strong><span style=\"color: #0000ff;\"><a href=\"https:\/\/m.youtube.com\/watch?v=A6FoyPMEdFA\" target=\"_blank\" rel=\"noopener\"><span style=\"color: #0000ff;\">Link zu &lt;youtube.com&gt;<\/span><\/a><\/span><\/strong><\/h3>\n<h3><strong>Kinderumzug (Start beim Stadtkeller)<\/strong><\/h3>\n<h3><a href=\"https:\/\/www.flickr.com\/photos\/freymarkus\/albums\/72177720324488262\" target=\"_blank\" rel=\"noopener\"><span style=\"color: #0000ff;\"><strong>Link zu &lt;flickr.com\/photos\/freymarkus&gt;<\/strong><\/span><\/a><\/h3>\n<p>&nbsp;<\/p>\n<p>&nbsp;<\/p>\n<p>&nbsp;<\/p>\n<p>&nbsp;<\/p>\n<p>&nbsp;<\/p>\n<p>&nbsp;<\/p>\n<p>&nbsp;<\/p>\n<p>&nbsp;<\/p>\n<p>&nbsp;<\/p>\n<p>&nbsp;<\/p>\n<p>&nbsp;<\/p>\n<p>&nbsp;<\/p>\n","protected":false},"excerpt":{"rendered":"<p>Fasnachtsprogramm 2025 Fasnachtsprogramm 2025 Bohe\u0300me Musik Loza\u0308rn Programm 2025 (Druckversion)  [&#8230;]<\/p>\n","protected":false},"author":2,"featured_media":0,"parent":202,"menu_order":0,"comment_status":"closed","ping_status":"closed","template":"","meta":{"ngg_post_thumbnail":0,"jetpack_post_was_ever_published":false,"footnotes":""},"class_list":["post-13279","page","type-page","status-publish","hentry"],"yoast_head":"<!-- This site is optimized with the Yoast SEO plugin v27.4 - https:\/\/yoast.com\/product\/yoast-seo-wordpress\/ -->\n<title>Boh\u00e8me 2025 - Boh\u00e8me Musig Loz\u00e4rn<\/title>\n<meta name=\"robots\" content=\"index, follow, max-snippet:-1, max-image-preview:large, max-video-preview:-1\" \/>\n<link rel=\"canonical\" href=\"https:\/\/boheme-luzern.ch\/index.php\/fotos\/boheme-2025\/\" \/>\n<meta property=\"og:locale\" content=\"de_DE\" \/>\n<meta property=\"og:type\" content=\"article\" \/>\n<meta property=\"og:title\" content=\"Boh\u00e8me 2025 - Boh\u00e8me Musig Loz\u00e4rn\" \/>\n<meta property=\"og:description\" content=\"Fasnachtsprogramm 2025 Fasnachtsprogramm 2025 Bohe\u0300me Musik Loza\u0308rn Programm 2025 (Druckversion) [...]\" \/>\n<meta property=\"og:url\" content=\"https:\/\/boheme-luzern.ch\/index.php\/fotos\/boheme-2025\/\" \/>\n<meta property=\"og:site_name\" content=\"Boh\u00e8me Musig Loz\u00e4rn\" \/>\n<meta property=\"article:publisher\" content=\"https:\/\/de-de.facebook.com\/BohemeLuzern\/\" \/>\n<meta property=\"article:modified_time\" content=\"2025-03-25T11:59:23+00:00\" \/>\n<meta name=\"twitter:card\" content=\"summary_large_image\" \/>\n<meta name=\"twitter:label1\" content=\"Gesch\u00e4tzte Lesezeit\" \/>\n\t<meta name=\"twitter:data1\" content=\"1\u00a0Minute\" \/>\n<script type=\"application\/ld+json\" class=\"yoast-schema-graph\">{\"@context\":\"https:\\\/\\\/schema.org\",\"@graph\":[{\"@type\":\"WebPage\",\"@id\":\"https:\\\/\\\/boheme-luzern.ch\\\/index.php\\\/fotos\\\/boheme-2025\\\/\",\"url\":\"https:\\\/\\\/boheme-luzern.ch\\\/index.php\\\/fotos\\\/boheme-2025\\\/\",\"name\":\"Boh\u00e8me 2025 - Boh\u00e8me Musig Loz\u00e4rn\",\"isPartOf\":{\"@id\":\"https:\\\/\\\/boheme-luzern.ch\\\/#website\"},\"datePublished\":\"2025-01-24T13:46:53+00:00\",\"dateModified\":\"2025-03-25T11:59:23+00:00\",\"breadcrumb\":{\"@id\":\"https:\\\/\\\/boheme-luzern.ch\\\/index.php\\\/fotos\\\/boheme-2025\\\/#breadcrumb\"},\"inLanguage\":\"de\",\"potentialAction\":[{\"@type\":\"ReadAction\",\"target\":[\"https:\\\/\\\/boheme-luzern.ch\\\/index.php\\\/fotos\\\/boheme-2025\\\/\"]}]},{\"@type\":\"BreadcrumbList\",\"@id\":\"https:\\\/\\\/boheme-luzern.ch\\\/index.php\\\/fotos\\\/boheme-2025\\\/#breadcrumb\",\"itemListElement\":[{\"@type\":\"ListItem\",\"position\":1,\"name\":\"Startseite\",\"item\":\"https:\\\/\\\/boheme-luzern.ch\\\/\"},{\"@type\":\"ListItem\",\"position\":2,\"name\":\"Fotos \\\/ Videos\",\"item\":\"https:\\\/\\\/boheme-luzern.ch\\\/index.php\\\/fotos\\\/\"},{\"@type\":\"ListItem\",\"position\":3,\"name\":\"Boh\u00e8me 2025\"}]},{\"@type\":\"WebSite\",\"@id\":\"https:\\\/\\\/boheme-luzern.ch\\\/#website\",\"url\":\"https:\\\/\\\/boheme-luzern.ch\\\/\",\"name\":\"Boh\u00e8me Musig Loz\u00e4rn\",\"description\":\"\",\"publisher\":{\"@id\":\"https:\\\/\\\/boheme-luzern.ch\\\/#organization\"},\"potentialAction\":[{\"@type\":\"SearchAction\",\"target\":{\"@type\":\"EntryPoint\",\"urlTemplate\":\"https:\\\/\\\/boheme-luzern.ch\\\/?s={search_term_string}\"},\"query-input\":{\"@type\":\"PropertyValueSpecification\",\"valueRequired\":true,\"valueName\":\"search_term_string\"}}],\"inLanguage\":\"de\"},{\"@type\":\"Organization\",\"@id\":\"https:\\\/\\\/boheme-luzern.ch\\\/#organization\",\"name\":\"Boh\u00e8me Musig Loz\u00e4rn\",\"url\":\"https:\\\/\\\/boheme-luzern.ch\\\/\",\"logo\":{\"@type\":\"ImageObject\",\"inLanguage\":\"de\",\"@id\":\"https:\\\/\\\/boheme-luzern.ch\\\/#\\\/schema\\\/logo\\\/image\\\/\",\"url\":\"https:\\\/\\\/i2.wp.com\\\/boheme-luzern.ch\\\/wp-content\\\/uploads\\\/2018\\\/04\\\/logo_boheme_transparent.gif?fit=97%2C68&ssl=1\",\"contentUrl\":\"https:\\\/\\\/i2.wp.com\\\/boheme-luzern.ch\\\/wp-content\\\/uploads\\\/2018\\\/04\\\/logo_boheme_transparent.gif?fit=97%2C68&ssl=1\",\"width\":97,\"height\":68,\"caption\":\"Boh\u00e8me Musig Loz\u00e4rn\"},\"image\":{\"@id\":\"https:\\\/\\\/boheme-luzern.ch\\\/#\\\/schema\\\/logo\\\/image\\\/\"},\"sameAs\":[\"https:\\\/\\\/de-de.facebook.com\\\/BohemeLuzern\\\/\"]}]}<\/script>\n<!-- \/ Yoast SEO plugin. -->","yoast_head_json":{"title":"Boh\u00e8me 2025 - Boh\u00e8me Musig Loz\u00e4rn","robots":{"index":"index","follow":"follow","max-snippet":"max-snippet:-1","max-image-preview":"max-image-preview:large","max-video-preview":"max-video-preview:-1"},"canonical":"https:\/\/boheme-luzern.ch\/index.php\/fotos\/boheme-2025\/","og_locale":"de_DE","og_type":"article","og_title":"Boh\u00e8me 2025 - Boh\u00e8me Musig Loz\u00e4rn","og_description":"Fasnachtsprogramm 2025 Fasnachtsprogramm 2025 Bohe\u0300me Musik Loza\u0308rn Programm 2025 (Druckversion) [...]","og_url":"https:\/\/boheme-luzern.ch\/index.php\/fotos\/boheme-2025\/","og_site_name":"Boh\u00e8me Musig Loz\u00e4rn","article_publisher":"https:\/\/de-de.facebook.com\/BohemeLuzern\/","article_modified_time":"2025-03-25T11:59:23+00:00","twitter_card":"summary_large_image","twitter_misc":{"Gesch\u00e4tzte Lesezeit":"1\u00a0Minute"},"schema":{"@context":"https:\/\/schema.org","@graph":[{"@type":"WebPage","@id":"https:\/\/boheme-luzern.ch\/index.php\/fotos\/boheme-2025\/","url":"https:\/\/boheme-luzern.ch\/index.php\/fotos\/boheme-2025\/","name":"Boh\u00e8me 2025 - Boh\u00e8me Musig Loz\u00e4rn","isPartOf":{"@id":"https:\/\/boheme-luzern.ch\/#website"},"datePublished":"2025-01-24T13:46:53+00:00","dateModified":"2025-03-25T11:59:23+00:00","breadcrumb":{"@id":"https:\/\/boheme-luzern.ch\/index.php\/fotos\/boheme-2025\/#breadcrumb"},"inLanguage":"de","potentialAction":[{"@type":"ReadAction","target":["https:\/\/boheme-luzern.ch\/index.php\/fotos\/boheme-2025\/"]}]},{"@type":"BreadcrumbList","@id":"https:\/\/boheme-luzern.ch\/index.php\/fotos\/boheme-2025\/#breadcrumb","itemListElement":[{"@type":"ListItem","position":1,"name":"Startseite","item":"https:\/\/boheme-luzern.ch\/"},{"@type":"ListItem","position":2,"name":"Fotos \/ Videos","item":"https:\/\/boheme-luzern.ch\/index.php\/fotos\/"},{"@type":"ListItem","position":3,"name":"Boh\u00e8me 2025"}]},{"@type":"WebSite","@id":"https:\/\/boheme-luzern.ch\/#website","url":"https:\/\/boheme-luzern.ch\/","name":"Boh\u00e8me Musig Loz\u00e4rn","description":"","publisher":{"@id":"https:\/\/boheme-luzern.ch\/#organization"},"potentialAction":[{"@type":"SearchAction","target":{"@type":"EntryPoint","urlTemplate":"https:\/\/boheme-luzern.ch\/?s={search_term_string}"},"query-input":{"@type":"PropertyValueSpecification","valueRequired":true,"valueName":"search_term_string"}}],"inLanguage":"de"},{"@type":"Organization","@id":"https:\/\/boheme-luzern.ch\/#organization","name":"Boh\u00e8me Musig Loz\u00e4rn","url":"https:\/\/boheme-luzern.ch\/","logo":{"@type":"ImageObject","inLanguage":"de","@id":"https:\/\/boheme-luzern.ch\/#\/schema\/logo\/image\/","url":"https:\/\/i2.wp.com\/boheme-luzern.ch\/wp-content\/uploads\/2018\/04\/logo_boheme_transparent.gif?fit=97%2C68&ssl=1","contentUrl":"https:\/\/i2.wp.com\/boheme-luzern.ch\/wp-content\/uploads\/2018\/04\/logo_boheme_transparent.gif?fit=97%2C68&ssl=1","width":97,"height":68,"caption":"Boh\u00e8me Musig Loz\u00e4rn"},"image":{"@id":"https:\/\/boheme-luzern.ch\/#\/schema\/logo\/image\/"},"sameAs":["https:\/\/de-de.facebook.com\/BohemeLuzern\/"]}]}},"jetpack_sharing_enabled":true,"jetpack_shortlink":"https:\/\/wp.me\/P9zzpd-3sb","jetpack_likes_enabled":true,"jetpack-related-posts":[],"_links":{"self":[{"href":"https:\/\/boheme-luzern.ch\/index.php\/wp-json\/wp\/v2\/pages\/13279","targetHints":{"allow":["GET"]}}],"collection":[{"href":"https:\/\/boheme-luzern.ch\/index.php\/wp-json\/wp\/v2\/pages"}],"about":[{"href":"https:\/\/boheme-luzern.ch\/index.php\/wp-json\/wp\/v2\/types\/page"}],"author":[{"embeddable":true,"href":"https:\/\/boheme-luzern.ch\/index.php\/wp-json\/wp\/v2\/users\/2"}],"replies":[{"embeddable":true,"href":"https:\/\/boheme-luzern.ch\/index.php\/wp-json\/wp\/v2\/comments?post=13279"}],"version-history":[{"count":66,"href":"https:\/\/boheme-luzern.ch\/index.php\/wp-json\/wp\/v2\/pages\/13279\/revisions"}],"predecessor-version":[{"id":13640,"href":"https:\/\/boheme-luzern.ch\/index.php\/wp-json\/wp\/v2\/pages\/13279\/revisions\/13640"}],"up":[{"embeddable":true,"href":"https:\/\/boheme-luzern.ch\/index.php\/wp-json\/wp\/v2\/pages\/202"}],"wp:attachment":[{"href":"https:\/\/boheme-luzern.ch\/index.php\/wp-json\/wp\/v2\/media?parent=13279"}],"curies":[{"name":"wp","href":"https:\/\/api.w.org\/{rel}","templated":true}]}}