{"id":15236,"date":"2026-02-19T15:41:08","date_gmt":"2026-02-19T15:41:08","guid":{"rendered":"https:\/\/boheme-luzern.ch\/?page_id=15236"},"modified":"2026-03-26T09:47:57","modified_gmt":"2026-03-26T09:47:57","slug":"boheme-2026","status":"publish","type":"page","link":"https:\/\/boheme-luzern.ch\/index.php\/boheme-2026\/","title":{"rendered":"Boh\u00e8me 2026"},"content":{"rendered":"<h1>Fasnachtsprogramm 2026<\/h1>\n<h3>&#8211; <a href=\"https:\/\/boheme-luzern.ch\/wp-content\/uploads\/2026\/01\/Bildschirmfoto-2026-01-09-um-13.56.21.png\" target=\"_blank\" rel=\"noopener\"><strong><span style=\"color: #0000ff;\">Fasnachtsprogramm 2026 (farbig)<\/span><\/strong><\/a><br \/>\n&#8211; <a href=\"https:\/\/boheme-luzern.ch\/wp-content\/uploads\/2026\/01\/Programm-2026-Dokument-2.pdf\" target=\"_blank\" rel=\"noopener\"><span style=\"color: #0000ff;\"><strong>Fasnachtsprogramm 2026 (Druckversion)<\/strong><\/span><\/a><\/h3>\n<h1>Schmutziger Donnerstag 2026<\/h1>\n<h3>&nbsp; &#8211; <strong><span style=\"color: #0000ff;\"><a style=\"color: #0000ff;\" href=\"https:\/\/www.tele1.ch\/news\/fritschi-tagwache-2026-163329598\" target=\"_blank\" rel=\"noopener\">Urknall 2026<\/a><\/span><\/strong><br \/>\n<span style=\"color: #000000;\"><strong>&nbsp; (Bericht von Tele 1)<\/strong><\/span><\/h3>\n<h3><span style=\"color: #0000ff;\">&#8211; <strong><a style=\"color: #0000ff;\" href=\"https:\/\/www.flickr.com\/photos\/freymarkus\/albums\/72177720332218065\" target=\"_blank\" rel=\"noopener\">Die Boh\u00e8me unterwegs am Morgen<\/a><\/strong><br \/>\n<\/span><span style=\"color: #000000;\"><strong>&nbsp; &nbsp;Link auf &lt;flickr.com\/photos\/freymarkus<\/strong><\/span><\/h3>\n<h3>&#8211; <span style=\"color: #0000ff;\"><a style=\"color: #0000ff;\" href=\"https:\/\/www.youtube.com\/watch?v=mDpD2sP5ncE\" target=\"_blank\" rel=\"noopener\"><strong>Die alten Vier unterwegs in der Stadt Luzern und im Stadtkeller<\/strong><\/a><\/span><br \/>\n<span style=\"color: #000000;\"><strong>&nbsp; &nbsp;Link auf &lt;youtube&gt;<\/strong><\/span><\/h3>\n<h3>&#8211; <strong><span style=\"color: #0000ff;\"><a style=\"color: #0000ff;\" href=\"https:\/\/www.flickr.com\/photos\/freymarkus\/albums\/72177720332656056\" target=\"_blank\" rel=\"noopener\">SMUDO 2026-diverse Masken an der Tagwache<\/a><\/span><\/strong><br \/>\n&nbsp; &nbsp;<span style=\"color: #000000;\"><strong>Link auf &lt;flickr.com\/photos\/freymarkus<\/strong><\/span><\/h3>\n<h1>Guggermesse&nbsp; 2026<\/h1>\n<h3>&#8211; <span style=\"color: #000000;\"><strong>Video:<\/strong> <\/span><a href=\"https:\/\/www.flickr.com\/photos\/freymarkus\/albums\/72177720332388494\/\" target=\"_blank\" rel=\"noopener\"><strong><span style=\"color: #0000ff;\">Guggermesse in der Hofkirche Luzern am 15.2.2026<\/span><\/strong><\/a><br \/>\n&nbsp; <span style=\"color: #000000;\"><strong>&nbsp;Link auf &lt;flickr.com\/photos\/freymarkus<\/strong><\/span><\/h3>\n<h3>&#8211; <span style=\"color: #000000;\"><strong>Video:<\/strong> <\/span><a href=\"https:\/\/www.youtube.com\/watch?v=-QBCM3618-c&amp;t=4s\" target=\"_blank\" rel=\"noopener\"><strong><span style=\"color: #0000ff;\">Guggermesse in der Hofkirche Luzern am 15.2.2026<\/span><\/strong><\/a><br \/>\n&nbsp; &nbsp;<span style=\"color: #000000;\"><strong>Link auf &lt;youtube&gt;<\/strong><\/span><\/h3>\n<h3>&#8211; <strong><span style=\"color: #0000ff;\"><a style=\"color: #0000ff;\" href=\"https:\/\/www.tele1.ch\/nachrichten\/organist-und-guuggenmusig-harmonieren-in-hofkirche-163398145\" target=\"_blank\" rel=\"noopener\">Bericht von Tele 1<\/a><\/span><\/strong><br \/>\n&nbsp; <strong>&nbsp;Link auf &lt;Tele 1&gt;<\/strong><\/h3>\n<h1>G\u00fcdismontag 2026<\/h1>\n<h3>&#8211; <span style=\"color: #0000ff;\"><strong><a style=\"color: #0000ff;\" href=\"https:\/\/www.flickr.com\/photos\/freymarkus\/albums\/72177720332258376\/\" target=\"_blank\" rel=\"noopener\">G\u00f6nnerapero im Sentimatt&nbsp;<\/a><\/strong><\/span><br \/>\n&nbsp; &nbsp;<span style=\"color: #000000;\"><strong>Link auf &lt;flickr.com\/photos\/freymarkus<\/strong><\/span><\/h3>\n<h3>&#8211; <strong><span style=\"color: #0000ff;\"><a style=\"color: #0000ff;\" href=\"https:\/\/www.youtube.com\/watch?v=4N7NROLCyj0\" target=\"_blank\" rel=\"noopener\">A<span style=\"color: #0000ff;\">uftritt am G\u00f6nnerap\u00e9ro im Sentimatt<\/span><\/a><\/span><\/strong><br \/>\n&nbsp; &nbsp;<span style=\"color: #000000;\"><strong>Link auf &lt;youtube&gt;<\/strong><\/span><\/h3>\n<h3>&#8211; <span style=\"color: #0000ff;\"><strong><a style=\"color: #0000ff;\" href=\"https:\/\/www.youtube.com\/watch?v=7jJTDaIAfbw\" target=\"_blank\" rel=\"noopener\">Die Boh\u00e8me-Musig unterwegs am GUEMO 2026<\/a><\/strong><\/span><br \/>\n<span style=\"color: #000000;\">&nbsp; <strong>&nbsp;<\/strong><strong>Link auf &lt;youtube&gt;<\/strong><\/span><\/h3>\n<h1>G\u00fcdisdienstag 2026<\/h1>\n<h3>&#8211; <a href=\"https:\/\/www.youtube.com\/watch?v=mhUgjo3Vq-Y\" target=\"_blank\" rel=\"noopener\"><span style=\"color: #0000ff;\"><strong>Chendermonschter Loz\u00e4rn 2026<\/strong><\/span><\/a><br \/>\n&nbsp; &nbsp;<span style=\"color: #000000;\"><strong>Link auf &lt;youtube&gt;<\/strong><\/span><\/h3>\n<h3>&#8211; <a href=\"https:\/\/www.lfk.ch\/bilder-videos\/2026\/G%C3%BCdiszischtig%202026\" target=\"_blank\" rel=\"noopener\"><span style=\"color: #0000ff;\"><strong>Chendermonschter Loz\u00e4rn 2026<\/strong><\/span><\/a><br \/>\n&nbsp; &nbsp;<span style=\"color: #000000;\">(Link auf www.LFK.ch&nbsp; (Luzerner Fasnachtskomitee &#8211; www.lfk.ch<\/span><\/h3>\n<h3><strong>&#8211; <span style=\"color: #0000ff;\"><a style=\"color: #0000ff;\" href=\"https:\/\/www.tele1.ch\/fasnacht2026\/monstercorso-live-aus-luzern-163075713\" target=\"_blank\" rel=\"noopener\">Monsterkonzert<\/a><\/span><\/strong><br \/>\n&nbsp;<strong> &nbsp;(Bericht von Tele 1)<\/strong><\/h3>\n<p>&#8211; <span style=\"color: #0000ff;\"><a style=\"color: #0000ff;\" href=\"https:\/\/www.youtube.com\/watch?v=RryrI66X1lc\" target=\"_blank\" rel=\"noopener\">Boh\u00e8me-Music am Monstercorso 2026<\/a><\/span><br \/>\n&nbsp; <span style=\"color: #000000;\">&nbsp;(Ausschnitt aus dem Bericht von Tele 1)<\/span><\/p>\n<p>&nbsp;<\/p>\n<p>&nbsp;<\/p>\n<p>&nbsp;<\/p>\n","protected":false},"excerpt":{"rendered":"<p>Fasnachtsprogramm 2026 &#8211; Fasnachtsprogramm 2026 (farbig) &#8211; Fasnachtsprogramm 2026 (Druckversion)  [&#8230;]<\/p>\n","protected":false},"author":2,"featured_media":0,"parent":0,"menu_order":0,"comment_status":"closed","ping_status":"closed","template":"","meta":{"ngg_post_thumbnail":0,"jetpack_post_was_ever_published":false,"footnotes":""},"class_list":["post-15236","page","type-page","status-publish","hentry"],"yoast_head":"<!-- This site is optimized with the Yoast SEO plugin v27.3 - https:\/\/yoast.com\/product\/yoast-seo-wordpress\/ -->\n<title>Boh\u00e8me 2026 - Boh\u00e8me Musig Loz\u00e4rn<\/title>\n<meta name=\"robots\" content=\"index, follow, max-snippet:-1, max-image-preview:large, max-video-preview:-1\" \/>\n<link rel=\"canonical\" href=\"https:\/\/boheme-luzern.ch\/index.php\/boheme-2026\/\" \/>\n<meta property=\"og:locale\" content=\"de_DE\" \/>\n<meta property=\"og:type\" content=\"article\" \/>\n<meta property=\"og:title\" content=\"Boh\u00e8me 2026 - Boh\u00e8me Musig Loz\u00e4rn\" \/>\n<meta property=\"og:description\" content=\"Fasnachtsprogramm 2026 &#8211; Fasnachtsprogramm 2026 (farbig) &#8211; Fasnachtsprogramm 2026 (Druckversion) [...]\" \/>\n<meta property=\"og:url\" content=\"https:\/\/boheme-luzern.ch\/index.php\/boheme-2026\/\" \/>\n<meta property=\"og:site_name\" content=\"Boh\u00e8me Musig Loz\u00e4rn\" \/>\n<meta property=\"article:publisher\" content=\"https:\/\/de-de.facebook.com\/BohemeLuzern\/\" \/>\n<meta property=\"article:modified_time\" content=\"2026-03-26T09:47:57+00:00\" \/>\n<meta name=\"twitter:card\" content=\"summary_large_image\" \/>\n<meta name=\"twitter:label1\" content=\"Gesch\u00e4tzte Lesezeit\" \/>\n\t<meta name=\"twitter:data1\" content=\"1\u00a0Minute\" \/>\n<script type=\"application\/ld+json\" class=\"yoast-schema-graph\">{\"@context\":\"https:\\\/\\\/schema.org\",\"@graph\":[{\"@type\":\"WebPage\",\"@id\":\"https:\\\/\\\/boheme-luzern.ch\\\/index.php\\\/boheme-2026\\\/\",\"url\":\"https:\\\/\\\/boheme-luzern.ch\\\/index.php\\\/boheme-2026\\\/\",\"name\":\"Boh\u00e8me 2026 - Boh\u00e8me Musig Loz\u00e4rn\",\"isPartOf\":{\"@id\":\"https:\\\/\\\/boheme-luzern.ch\\\/#website\"},\"datePublished\":\"2026-02-19T15:41:08+00:00\",\"dateModified\":\"2026-03-26T09:47:57+00:00\",\"breadcrumb\":{\"@id\":\"https:\\\/\\\/boheme-luzern.ch\\\/index.php\\\/boheme-2026\\\/#breadcrumb\"},\"inLanguage\":\"de\",\"potentialAction\":[{\"@type\":\"ReadAction\",\"target\":[\"https:\\\/\\\/boheme-luzern.ch\\\/index.php\\\/boheme-2026\\\/\"]}]},{\"@type\":\"BreadcrumbList\",\"@id\":\"https:\\\/\\\/boheme-luzern.ch\\\/index.php\\\/boheme-2026\\\/#breadcrumb\",\"itemListElement\":[{\"@type\":\"ListItem\",\"position\":1,\"name\":\"Startseite\",\"item\":\"https:\\\/\\\/boheme-luzern.ch\\\/\"},{\"@type\":\"ListItem\",\"position\":2,\"name\":\"Boh\u00e8me 2026\"}]},{\"@type\":\"WebSite\",\"@id\":\"https:\\\/\\\/boheme-luzern.ch\\\/#website\",\"url\":\"https:\\\/\\\/boheme-luzern.ch\\\/\",\"name\":\"Boh\u00e8me Musig Loz\u00e4rn\",\"description\":\"\",\"publisher\":{\"@id\":\"https:\\\/\\\/boheme-luzern.ch\\\/#organization\"},\"potentialAction\":[{\"@type\":\"SearchAction\",\"target\":{\"@type\":\"EntryPoint\",\"urlTemplate\":\"https:\\\/\\\/boheme-luzern.ch\\\/?s={search_term_string}\"},\"query-input\":{\"@type\":\"PropertyValueSpecification\",\"valueRequired\":true,\"valueName\":\"search_term_string\"}}],\"inLanguage\":\"de\"},{\"@type\":\"Organization\",\"@id\":\"https:\\\/\\\/boheme-luzern.ch\\\/#organization\",\"name\":\"Boh\u00e8me Musig Loz\u00e4rn\",\"url\":\"https:\\\/\\\/boheme-luzern.ch\\\/\",\"logo\":{\"@type\":\"ImageObject\",\"inLanguage\":\"de\",\"@id\":\"https:\\\/\\\/boheme-luzern.ch\\\/#\\\/schema\\\/logo\\\/image\\\/\",\"url\":\"https:\\\/\\\/i2.wp.com\\\/boheme-luzern.ch\\\/wp-content\\\/uploads\\\/2018\\\/04\\\/logo_boheme_transparent.gif?fit=97%2C68&ssl=1\",\"contentUrl\":\"https:\\\/\\\/i2.wp.com\\\/boheme-luzern.ch\\\/wp-content\\\/uploads\\\/2018\\\/04\\\/logo_boheme_transparent.gif?fit=97%2C68&ssl=1\",\"width\":97,\"height\":68,\"caption\":\"Boh\u00e8me Musig Loz\u00e4rn\"},\"image\":{\"@id\":\"https:\\\/\\\/boheme-luzern.ch\\\/#\\\/schema\\\/logo\\\/image\\\/\"},\"sameAs\":[\"https:\\\/\\\/de-de.facebook.com\\\/BohemeLuzern\\\/\"]}]}<\/script>\n<!-- \/ Yoast SEO plugin. -->","yoast_head_json":{"title":"Boh\u00e8me 2026 - Boh\u00e8me Musig Loz\u00e4rn","robots":{"index":"index","follow":"follow","max-snippet":"max-snippet:-1","max-image-preview":"max-image-preview:large","max-video-preview":"max-video-preview:-1"},"canonical":"https:\/\/boheme-luzern.ch\/index.php\/boheme-2026\/","og_locale":"de_DE","og_type":"article","og_title":"Boh\u00e8me 2026 - Boh\u00e8me Musig Loz\u00e4rn","og_description":"Fasnachtsprogramm 2026 &#8211; Fasnachtsprogramm 2026 (farbig) &#8211; Fasnachtsprogramm 2026 (Druckversion) [...]","og_url":"https:\/\/boheme-luzern.ch\/index.php\/boheme-2026\/","og_site_name":"Boh\u00e8me Musig Loz\u00e4rn","article_publisher":"https:\/\/de-de.facebook.com\/BohemeLuzern\/","article_modified_time":"2026-03-26T09:47:57+00:00","twitter_card":"summary_large_image","twitter_misc":{"Gesch\u00e4tzte Lesezeit":"1\u00a0Minute"},"schema":{"@context":"https:\/\/schema.org","@graph":[{"@type":"WebPage","@id":"https:\/\/boheme-luzern.ch\/index.php\/boheme-2026\/","url":"https:\/\/boheme-luzern.ch\/index.php\/boheme-2026\/","name":"Boh\u00e8me 2026 - Boh\u00e8me Musig Loz\u00e4rn","isPartOf":{"@id":"https:\/\/boheme-luzern.ch\/#website"},"datePublished":"2026-02-19T15:41:08+00:00","dateModified":"2026-03-26T09:47:57+00:00","breadcrumb":{"@id":"https:\/\/boheme-luzern.ch\/index.php\/boheme-2026\/#breadcrumb"},"inLanguage":"de","potentialAction":[{"@type":"ReadAction","target":["https:\/\/boheme-luzern.ch\/index.php\/boheme-2026\/"]}]},{"@type":"BreadcrumbList","@id":"https:\/\/boheme-luzern.ch\/index.php\/boheme-2026\/#breadcrumb","itemListElement":[{"@type":"ListItem","position":1,"name":"Startseite","item":"https:\/\/boheme-luzern.ch\/"},{"@type":"ListItem","position":2,"name":"Boh\u00e8me 2026"}]},{"@type":"WebSite","@id":"https:\/\/boheme-luzern.ch\/#website","url":"https:\/\/boheme-luzern.ch\/","name":"Boh\u00e8me Musig Loz\u00e4rn","description":"","publisher":{"@id":"https:\/\/boheme-luzern.ch\/#organization"},"potentialAction":[{"@type":"SearchAction","target":{"@type":"EntryPoint","urlTemplate":"https:\/\/boheme-luzern.ch\/?s={search_term_string}"},"query-input":{"@type":"PropertyValueSpecification","valueRequired":true,"valueName":"search_term_string"}}],"inLanguage":"de"},{"@type":"Organization","@id":"https:\/\/boheme-luzern.ch\/#organization","name":"Boh\u00e8me Musig Loz\u00e4rn","url":"https:\/\/boheme-luzern.ch\/","logo":{"@type":"ImageObject","inLanguage":"de","@id":"https:\/\/boheme-luzern.ch\/#\/schema\/logo\/image\/","url":"https:\/\/i2.wp.com\/boheme-luzern.ch\/wp-content\/uploads\/2018\/04\/logo_boheme_transparent.gif?fit=97%2C68&ssl=1","contentUrl":"https:\/\/i2.wp.com\/boheme-luzern.ch\/wp-content\/uploads\/2018\/04\/logo_boheme_transparent.gif?fit=97%2C68&ssl=1","width":97,"height":68,"caption":"Boh\u00e8me Musig Loz\u00e4rn"},"image":{"@id":"https:\/\/boheme-luzern.ch\/#\/schema\/logo\/image\/"},"sameAs":["https:\/\/de-de.facebook.com\/BohemeLuzern\/"]}]}},"jetpack_sharing_enabled":true,"jetpack_shortlink":"https:\/\/wp.me\/P9zzpd-3XK","jetpack_likes_enabled":true,"jetpack-related-posts":[],"_links":{"self":[{"href":"https:\/\/boheme-luzern.ch\/index.php\/wp-json\/wp\/v2\/pages\/15236","targetHints":{"allow":["GET"]}}],"collection":[{"href":"https:\/\/boheme-luzern.ch\/index.php\/wp-json\/wp\/v2\/pages"}],"about":[{"href":"https:\/\/boheme-luzern.ch\/index.php\/wp-json\/wp\/v2\/types\/page"}],"author":[{"embeddable":true,"href":"https:\/\/boheme-luzern.ch\/index.php\/wp-json\/wp\/v2\/users\/2"}],"replies":[{"embeddable":true,"href":"https:\/\/boheme-luzern.ch\/index.php\/wp-json\/wp\/v2\/comments?post=15236"}],"version-history":[{"count":47,"href":"https:\/\/boheme-luzern.ch\/index.php\/wp-json\/wp\/v2\/pages\/15236\/revisions"}],"predecessor-version":[{"id":15501,"href":"https:\/\/boheme-luzern.ch\/index.php\/wp-json\/wp\/v2\/pages\/15236\/revisions\/15501"}],"wp:attachment":[{"href":"https:\/\/boheme-luzern.ch\/index.php\/wp-json\/wp\/v2\/media?parent=15236"}],"curies":[{"name":"wp","href":"https:\/\/api.w.org\/{rel}","templated":true}]}}