{"id":2751,"date":"2020-02-21T15:52:58","date_gmt":"2020-02-21T15:52:58","guid":{"rendered":"https:\/\/boheme-luzern.ch\/?page_id=2751"},"modified":"2022-04-11T12:36:59","modified_gmt":"2022-04-11T12:36:59","slug":"boheme-2020","status":"publish","type":"page","link":"https:\/\/boheme-luzern.ch\/index.php\/fotos\/boheme-2020\/","title":{"rendered":"Boh\u00e8me 2020"},"content":{"rendered":"<h2><strong>Jubil\u00e4umsvideo zum 70-j\u00e4hrigen Bestehen unserer Boh\u00e8me-Musig Loz\u00e4rn:<\/strong><\/h2>\n<h3><strong>Herzlichen Dank an Angela Meschini f\u00fcr das Jubil\u00e4umsvideo zum 70-j\u00e4hrigen Bestehen<br \/>\n<\/strong><br \/>\n<span style=\"color: #0000ff;\"><a style=\"color: #0000ff;\" href=\"https:\/\/www.youtube.com\/watch?v=HLraG9efSlU&amp;t=1s\" target=\"_blank\" rel=\"noopener\"><strong>Link zu &lt;youtube.com&gt;<\/strong><\/a><\/span><\/h3>\n<h2><strong>Fasnachtsprogramm 2020<\/strong><\/h2>\n<h3><strong><span style=\"color: #0000ff;\"><a style=\"color: #0000ff;\" href=\"https:\/\/boheme-luzern.ch\/wp-content\/uploads\/2020\/02\/Fasnachtsprogamm_2020.pdf\" target=\"_blank\" rel=\"noopener\">pdf-Download<\/a><\/span><\/strong><\/h3>\n<h2><strong>Wir feierten den Geburtstag am &#8222;r\u00fc\u00fcdige Samschtig&#8220; am 22. Februar 2020 im Festsaal der Maskenliebhaber-Gesellschaft der Stadt Luzern.<\/strong><\/h2>\n<h3><a href=\"https:\/\/www.flickr.com\/photos\/freymarkus\/albums\/72157713291190513\" target=\"_blank\" rel=\"noopener\"><strong><span style=\"color: #0000ff;\">Link 1 zu &lt;flickr.com\/photos\/freymarkus&gt;<\/span><\/strong><\/a><\/h3>\n<h3><a href=\"https:\/\/www.flickr.com\/photos\/freymarkus\/albums\/72157713290072357\" target=\"_blank\" rel=\"noopener\"><strong><span style=\"color: #0000ff;\">Link 2 zu &lt;flickr.com\/photos\/freymarkus&gt;<\/span><\/strong><\/a><\/h3>\n<h3><a href=\"https:\/\/www.flickr.com\/photos\/freymarkus\/albums\/72157713290237386\" target=\"_blank\" rel=\"noopener\"><strong><span style=\"color: #0000ff;\">Link 3 zu &lt;flickr.com\/photos\/freymarkus&gt;<\/span><\/strong><\/a><\/h3>\n<p>&nbsp;<\/p>\n<h2><strong>Schmutziger Donnerstag 2020: Tagwache<\/strong><\/h2>\n<h3><span style=\"color: #0000ff;\"><a style=\"color: #0000ff;\" href=\"https:\/\/www.flickr.com\/photos\/freymarkus\/albums\/72157713277656427\" target=\"_blank\" rel=\"noopener\"><strong>Link zu &lt;flickr.com\/photos\/freymarkus&gt;<\/strong><\/a><\/span><\/h3>\n<p>&nbsp;<\/p>\n<h2><strong>Schmutziger Donnerstag 2020: Ap\u00e9ro mit der Fritschimusig<\/strong><\/h2>\n<h3><span style=\"color: #0000ff;\"><strong><a style=\"color: #0000ff;\" href=\"https:\/\/www.flickr.com\/photos\/freymarkus\/albums\/72157713288996023\" target=\"_blank\" rel=\"noopener\">Link zu &lt;flickr.com\/photos\/freymarkus&gt;<\/a><\/strong><\/span><\/h3>\n<p>&nbsp;<\/p>\n<h2><strong>Schmutziger Donnerstag 2020:<\/strong><br \/>\n<strong>Wir sind unterwegs mit den 4 Alten<\/strong><\/h2>\n<h3><strong>&#8211; <span style=\"color: #0000ff;\"><a style=\"color: #0000ff;\" href=\"https:\/\/www.tvgerliswil.ch\/\" target=\"_blank\" rel=\"noopener noreferrer\">Tambourenverein Gerliswil-Emmen der Stadt Luzern<\/a><\/span><\/strong><br \/>\n<span style=\"color: #0000ff;\"><strong>&#8211; <a style=\"color: #0000ff;\" href=\"https:\/\/www.lugumu.ch\/\" target=\"_blank\" rel=\"noopener noreferrer\">Luzerner Original Guggenmusig 4711 (MS Lugumu)<\/a><\/strong><\/span><br \/>\n<span style=\"color: #0000ff;\"><strong>&#8211; <a style=\"color: #0000ff;\" href=\"https:\/\/www.chatzemusig.ch\/index.php\/de\/\" target=\"_blank\" rel=\"noopener noreferrer\">Chatzemusig Loz\u00e4rn<\/a><\/strong><\/span><br \/>\n<span style=\"color: #0000ff;\"><strong>&#8211; Boh\u00e8me-Musig Loz\u00e4rn<\/strong><\/span><\/h3>\n<h3><span style=\"color: #0000ff;\"><strong><a style=\"color: #0000ff;\" href=\"https:\/\/www.flickr.com\/photos\/freymarkus\/albums\/72157713288465982\" target=\"_blank\" rel=\"noopener\">Link zu &lt;flickr.com\/photos\/freymarkus&gt;<\/a><\/strong><\/span><\/h3>\n<p>&nbsp;<\/p>\n<h2><strong>Schmutziger Donnerstag 2020:<br \/>\nAp\u00e9ro im Penthouse mit den Saunaf\u00e4gern:<\/strong><\/h2>\n<h3><span style=\"color: #0000ff;\"><a style=\"color: #0000ff;\" href=\"https:\/\/www.flickr.com\/photos\/freymarkus\/albums\/72157713200135468\" target=\"_blank\" rel=\"noopener\"><strong>Link zu &lt;flickr.com\/photos\/freymarkus&gt;<\/strong><\/a><\/span><\/h3>\n<h2>&nbsp;<\/h2>\n<h2><strong>G\u00fcdismontag 2020: Tagwache:<\/strong><\/h2>\n<h3><span style=\"color: #0000ff;\"><a style=\"color: #0000ff;\" href=\"https:\/\/www.flickr.com\/photos\/freymarkus\/albums\/72157713279050128\" target=\"_blank\" rel=\"noopener\"><strong>Link zu &lt;flickr.com\/photos\/freymarkus&gt;<\/strong><\/a><\/span><\/h3>\n<p>&nbsp;<\/p>\n<h2><strong>G\u00fcdismontag 2020: Morgen (mit dem Auftritt bei 20minuten)<\/strong><\/h2>\n<h3><span style=\"color: #0000ff;\"><a style=\"color: #0000ff;\" href=\"https:\/\/www.flickr.com\/photos\/freymarkus\/albums\/72157713504563481\" target=\"_blank\" rel=\"noopener\"><strong>Link zu &lt;flickr.com\/photos\/freymarkus&gt;<\/strong><\/a><\/span><\/h3>\n<p>&nbsp;<\/p>\n<h2><strong>G\u00f6nnerap\u00e9ro 2020 auf der Terrasse des Hotels &#8222;Wilder Mann&#8220;, Luzern<\/strong><\/h2>\n<h3><span style=\"color: #0000ff;\"><a style=\"color: #0000ff;\" href=\"https:\/\/www.flickr.com\/photos\/freymarkus\/albums\/72157713250519286\" target=\"_blank\" rel=\"noopener\"><strong>Link zu &lt;flickr.com\/photos\/freymarkus&gt;<\/strong><\/a><\/span><\/h3>\n<p>&nbsp;<\/p>\n<h2><strong>Diverse Videos auf &lt;youtube.com&gt; (private Videos)<\/strong><\/h2>\n<h3><a href=\"https:\/\/www.youtube.com\/watch?v=mqVp2cTXfAw\" target=\"_blank\" rel=\"noopener noreferrer\"><strong><span style=\"color: #0000ff;\">Die Boh\u00e8me feiert ihren 70. Geburtstag in der Stadt Luzern<\/span><\/strong><\/a><\/h3>\n<h3><strong><a href=\"https:\/\/m.facebook.com\/story.php?story_fbid=652297782192958&amp;id=385471662208906\" target=\"_blank\" rel=\"noopener noreferrer\"><span style=\"color: #0000ff;\">Gemeinsames Musizieren mit der Chatzenmusik<\/span><\/a><\/strong>&nbsp; (im Vollbildmodus geniessen!)<\/h3>\n<h3><span style=\"color: #0000ff;\"><strong><a style=\"color: #0000ff;\" href=\"https:\/\/www.youtube.com\/watch?v=LBalTR2huZs\" target=\"_blank\" rel=\"noopener noreferrer\">G\u00f6nnerap\u00e9ro 2020 Video 1<\/a><\/strong><\/span><\/h3>\n<h3><span style=\"color: #0000ff;\"><a style=\"color: #0000ff;\" href=\"https:\/\/www.youtube.com\/watch?v=izCsqEmmYgU\" target=\"_blank\" rel=\"noopener noreferrer\"><strong>G\u00f6nnerap\u00e9ro 2020 Video 2<\/strong><\/a><\/span><\/h3>\n<h3><span style=\"color: #0000ff;\"><strong><a style=\"color: #0000ff;\" href=\"https:\/\/youtu.be\/Zqb6M_BLkR0\" target=\"_blank\" rel=\"noopener noreferrer\">Video 3<\/a><\/strong><\/span><\/h3>\n<h3><span style=\"color: #0000ff;\"><strong><a style=\"color: #0000ff;\" href=\"https:\/\/youtu.be\/pJndzT7lZds\" target=\"_blank\" rel=\"noopener noreferrer\">Video 4<\/a><\/strong><\/span><\/h3>\n<p><strong>&#8212;&#8212;&#8212;&#8212;&#8212;&#8212;&#8212;&#8212;&#8212;&#8212;&#8212;&#8212;&#8212;&#8212;&#8212;&#8212;&#8212;&#8212;&#8212;&#8212;&#8212;&#8212;&#8212;&#8212;&#8212;&#8212;&#8212;&#8212;&#8212;&#8212;&#8212;&#8212;&#8212;&#8211;<\/strong><\/p>\n<h2><strong>Beitrag von Tele 1<\/strong><\/h2>\n<h2><strong>Tele 1 &#8211; Boh\u00e8me am Monsterkonzert 2020 (Video geschnitten)<\/strong><\/h2>\n<h3><a href=\"https:\/\/www.youtube.com\/watch?v=Wuy5L6mR6Q0\" target=\"_blank\" rel=\"noopener\"><span style=\"color: #0000ff;\"><strong>Link zu &lt;youtube.com&gt;<\/strong><\/span><\/a><\/h3>\n<p>&nbsp;<\/p>\n<p>&nbsp;<\/p>\n<p>&nbsp;<\/p>\n<p>&nbsp;<\/p>\n<h2>&nbsp;<\/h2>\n<p>&nbsp;<\/p>\n<p>&nbsp;<\/p>\n<p>&nbsp;<\/p>\n<h3>&nbsp;<\/h3>\n<p>&nbsp;<\/p>\n<p>&nbsp;<\/p>\n<p>&nbsp;<\/p>\n","protected":false},"excerpt":{"rendered":"<p>Jubil\u00e4umsvideo zum 70-j\u00e4hrigen Bestehen unserer Boh\u00e8me-Musig Loz\u00e4rn: Herzlichen Dank an  [&#8230;]<\/p>\n","protected":false},"author":2,"featured_media":0,"parent":202,"menu_order":0,"comment_status":"closed","ping_status":"closed","template":"","meta":{"ngg_post_thumbnail":0,"jetpack_post_was_ever_published":false,"footnotes":""},"class_list":["post-2751","page","type-page","status-publish","hentry"],"yoast_head":"<!-- This site is optimized with the Yoast SEO plugin v27.4 - https:\/\/yoast.com\/product\/yoast-seo-wordpress\/ -->\n<title>Boh\u00e8me 2020 - Boh\u00e8me Musig Loz\u00e4rn<\/title>\n<meta name=\"robots\" content=\"index, follow, max-snippet:-1, max-image-preview:large, max-video-preview:-1\" \/>\n<link rel=\"canonical\" href=\"https:\/\/boheme-luzern.ch\/index.php\/fotos\/boheme-2020\/\" \/>\n<meta property=\"og:locale\" content=\"de_DE\" \/>\n<meta property=\"og:type\" content=\"article\" \/>\n<meta property=\"og:title\" content=\"Boh\u00e8me 2020 - Boh\u00e8me Musig Loz\u00e4rn\" \/>\n<meta property=\"og:description\" content=\"Jubil\u00e4umsvideo zum 70-j\u00e4hrigen Bestehen unserer Boh\u00e8me-Musig Loz\u00e4rn: Herzlichen Dank an [...]\" \/>\n<meta property=\"og:url\" content=\"https:\/\/boheme-luzern.ch\/index.php\/fotos\/boheme-2020\/\" \/>\n<meta property=\"og:site_name\" content=\"Boh\u00e8me Musig Loz\u00e4rn\" \/>\n<meta property=\"article:publisher\" content=\"https:\/\/de-de.facebook.com\/BohemeLuzern\/\" \/>\n<meta property=\"article:modified_time\" content=\"2022-04-11T12:36:59+00:00\" \/>\n<meta name=\"twitter:card\" content=\"summary_large_image\" \/>\n<meta name=\"twitter:label1\" content=\"Gesch\u00e4tzte Lesezeit\" \/>\n\t<meta name=\"twitter:data1\" content=\"2\u00a0Minuten\" \/>\n<script type=\"application\/ld+json\" class=\"yoast-schema-graph\">{\"@context\":\"https:\\\/\\\/schema.org\",\"@graph\":[{\"@type\":\"WebPage\",\"@id\":\"https:\\\/\\\/boheme-luzern.ch\\\/index.php\\\/fotos\\\/boheme-2020\\\/\",\"url\":\"https:\\\/\\\/boheme-luzern.ch\\\/index.php\\\/fotos\\\/boheme-2020\\\/\",\"name\":\"Boh\u00e8me 2020 - Boh\u00e8me Musig Loz\u00e4rn\",\"isPartOf\":{\"@id\":\"https:\\\/\\\/boheme-luzern.ch\\\/#website\"},\"datePublished\":\"2020-02-21T15:52:58+00:00\",\"dateModified\":\"2022-04-11T12:36:59+00:00\",\"breadcrumb\":{\"@id\":\"https:\\\/\\\/boheme-luzern.ch\\\/index.php\\\/fotos\\\/boheme-2020\\\/#breadcrumb\"},\"inLanguage\":\"de\",\"potentialAction\":[{\"@type\":\"ReadAction\",\"target\":[\"https:\\\/\\\/boheme-luzern.ch\\\/index.php\\\/fotos\\\/boheme-2020\\\/\"]}]},{\"@type\":\"BreadcrumbList\",\"@id\":\"https:\\\/\\\/boheme-luzern.ch\\\/index.php\\\/fotos\\\/boheme-2020\\\/#breadcrumb\",\"itemListElement\":[{\"@type\":\"ListItem\",\"position\":1,\"name\":\"Startseite\",\"item\":\"https:\\\/\\\/boheme-luzern.ch\\\/\"},{\"@type\":\"ListItem\",\"position\":2,\"name\":\"Fotos \\\/ Videos\",\"item\":\"https:\\\/\\\/boheme-luzern.ch\\\/index.php\\\/fotos\\\/\"},{\"@type\":\"ListItem\",\"position\":3,\"name\":\"Boh\u00e8me 2020\"}]},{\"@type\":\"WebSite\",\"@id\":\"https:\\\/\\\/boheme-luzern.ch\\\/#website\",\"url\":\"https:\\\/\\\/boheme-luzern.ch\\\/\",\"name\":\"Boh\u00e8me Musig Loz\u00e4rn\",\"description\":\"\",\"publisher\":{\"@id\":\"https:\\\/\\\/boheme-luzern.ch\\\/#organization\"},\"potentialAction\":[{\"@type\":\"SearchAction\",\"target\":{\"@type\":\"EntryPoint\",\"urlTemplate\":\"https:\\\/\\\/boheme-luzern.ch\\\/?s={search_term_string}\"},\"query-input\":{\"@type\":\"PropertyValueSpecification\",\"valueRequired\":true,\"valueName\":\"search_term_string\"}}],\"inLanguage\":\"de\"},{\"@type\":\"Organization\",\"@id\":\"https:\\\/\\\/boheme-luzern.ch\\\/#organization\",\"name\":\"Boh\u00e8me Musig Loz\u00e4rn\",\"url\":\"https:\\\/\\\/boheme-luzern.ch\\\/\",\"logo\":{\"@type\":\"ImageObject\",\"inLanguage\":\"de\",\"@id\":\"https:\\\/\\\/boheme-luzern.ch\\\/#\\\/schema\\\/logo\\\/image\\\/\",\"url\":\"https:\\\/\\\/i2.wp.com\\\/boheme-luzern.ch\\\/wp-content\\\/uploads\\\/2018\\\/04\\\/logo_boheme_transparent.gif?fit=97%2C68&ssl=1\",\"contentUrl\":\"https:\\\/\\\/i2.wp.com\\\/boheme-luzern.ch\\\/wp-content\\\/uploads\\\/2018\\\/04\\\/logo_boheme_transparent.gif?fit=97%2C68&ssl=1\",\"width\":97,\"height\":68,\"caption\":\"Boh\u00e8me Musig Loz\u00e4rn\"},\"image\":{\"@id\":\"https:\\\/\\\/boheme-luzern.ch\\\/#\\\/schema\\\/logo\\\/image\\\/\"},\"sameAs\":[\"https:\\\/\\\/de-de.facebook.com\\\/BohemeLuzern\\\/\"]}]}<\/script>\n<!-- \/ Yoast SEO plugin. -->","yoast_head_json":{"title":"Boh\u00e8me 2020 - Boh\u00e8me Musig Loz\u00e4rn","robots":{"index":"index","follow":"follow","max-snippet":"max-snippet:-1","max-image-preview":"max-image-preview:large","max-video-preview":"max-video-preview:-1"},"canonical":"https:\/\/boheme-luzern.ch\/index.php\/fotos\/boheme-2020\/","og_locale":"de_DE","og_type":"article","og_title":"Boh\u00e8me 2020 - Boh\u00e8me Musig Loz\u00e4rn","og_description":"Jubil\u00e4umsvideo zum 70-j\u00e4hrigen Bestehen unserer Boh\u00e8me-Musig Loz\u00e4rn: Herzlichen Dank an [...]","og_url":"https:\/\/boheme-luzern.ch\/index.php\/fotos\/boheme-2020\/","og_site_name":"Boh\u00e8me Musig Loz\u00e4rn","article_publisher":"https:\/\/de-de.facebook.com\/BohemeLuzern\/","article_modified_time":"2022-04-11T12:36:59+00:00","twitter_card":"summary_large_image","twitter_misc":{"Gesch\u00e4tzte Lesezeit":"2\u00a0Minuten"},"schema":{"@context":"https:\/\/schema.org","@graph":[{"@type":"WebPage","@id":"https:\/\/boheme-luzern.ch\/index.php\/fotos\/boheme-2020\/","url":"https:\/\/boheme-luzern.ch\/index.php\/fotos\/boheme-2020\/","name":"Boh\u00e8me 2020 - Boh\u00e8me Musig Loz\u00e4rn","isPartOf":{"@id":"https:\/\/boheme-luzern.ch\/#website"},"datePublished":"2020-02-21T15:52:58+00:00","dateModified":"2022-04-11T12:36:59+00:00","breadcrumb":{"@id":"https:\/\/boheme-luzern.ch\/index.php\/fotos\/boheme-2020\/#breadcrumb"},"inLanguage":"de","potentialAction":[{"@type":"ReadAction","target":["https:\/\/boheme-luzern.ch\/index.php\/fotos\/boheme-2020\/"]}]},{"@type":"BreadcrumbList","@id":"https:\/\/boheme-luzern.ch\/index.php\/fotos\/boheme-2020\/#breadcrumb","itemListElement":[{"@type":"ListItem","position":1,"name":"Startseite","item":"https:\/\/boheme-luzern.ch\/"},{"@type":"ListItem","position":2,"name":"Fotos \/ Videos","item":"https:\/\/boheme-luzern.ch\/index.php\/fotos\/"},{"@type":"ListItem","position":3,"name":"Boh\u00e8me 2020"}]},{"@type":"WebSite","@id":"https:\/\/boheme-luzern.ch\/#website","url":"https:\/\/boheme-luzern.ch\/","name":"Boh\u00e8me Musig Loz\u00e4rn","description":"","publisher":{"@id":"https:\/\/boheme-luzern.ch\/#organization"},"potentialAction":[{"@type":"SearchAction","target":{"@type":"EntryPoint","urlTemplate":"https:\/\/boheme-luzern.ch\/?s={search_term_string}"},"query-input":{"@type":"PropertyValueSpecification","valueRequired":true,"valueName":"search_term_string"}}],"inLanguage":"de"},{"@type":"Organization","@id":"https:\/\/boheme-luzern.ch\/#organization","name":"Boh\u00e8me Musig Loz\u00e4rn","url":"https:\/\/boheme-luzern.ch\/","logo":{"@type":"ImageObject","inLanguage":"de","@id":"https:\/\/boheme-luzern.ch\/#\/schema\/logo\/image\/","url":"https:\/\/i2.wp.com\/boheme-luzern.ch\/wp-content\/uploads\/2018\/04\/logo_boheme_transparent.gif?fit=97%2C68&ssl=1","contentUrl":"https:\/\/i2.wp.com\/boheme-luzern.ch\/wp-content\/uploads\/2018\/04\/logo_boheme_transparent.gif?fit=97%2C68&ssl=1","width":97,"height":68,"caption":"Boh\u00e8me Musig Loz\u00e4rn"},"image":{"@id":"https:\/\/boheme-luzern.ch\/#\/schema\/logo\/image\/"},"sameAs":["https:\/\/de-de.facebook.com\/BohemeLuzern\/"]}]}},"jetpack_sharing_enabled":true,"jetpack_shortlink":"https:\/\/wp.me\/P9zzpd-In","jetpack_likes_enabled":true,"jetpack-related-posts":[],"_links":{"self":[{"href":"https:\/\/boheme-luzern.ch\/index.php\/wp-json\/wp\/v2\/pages\/2751","targetHints":{"allow":["GET"]}}],"collection":[{"href":"https:\/\/boheme-luzern.ch\/index.php\/wp-json\/wp\/v2\/pages"}],"about":[{"href":"https:\/\/boheme-luzern.ch\/index.php\/wp-json\/wp\/v2\/types\/page"}],"author":[{"embeddable":true,"href":"https:\/\/boheme-luzern.ch\/index.php\/wp-json\/wp\/v2\/users\/2"}],"replies":[{"embeddable":true,"href":"https:\/\/boheme-luzern.ch\/index.php\/wp-json\/wp\/v2\/comments?post=2751"}],"version-history":[{"count":43,"href":"https:\/\/boheme-luzern.ch\/index.php\/wp-json\/wp\/v2\/pages\/2751\/revisions"}],"predecessor-version":[{"id":5622,"href":"https:\/\/boheme-luzern.ch\/index.php\/wp-json\/wp\/v2\/pages\/2751\/revisions\/5622"}],"up":[{"embeddable":true,"href":"https:\/\/boheme-luzern.ch\/index.php\/wp-json\/wp\/v2\/pages\/202"}],"wp:attachment":[{"href":"https:\/\/boheme-luzern.ch\/index.php\/wp-json\/wp\/v2\/media?parent=2751"}],"curies":[{"name":"wp","href":"https:\/\/api.w.org\/{rel}","templated":true}]}}