{"id":2911,"date":"2020-02-28T12:13:01","date_gmt":"2020-02-28T12:13:01","guid":{"rendered":"https:\/\/boheme-luzern.ch\/?page_id=2911"},"modified":"2020-03-17T15:18:05","modified_gmt":"2020-03-17T15:18:05","slug":"smudo-2020_apero-mit-der-fritschimusig","status":"publish","type":"page","link":"https:\/\/boheme-luzern.ch\/index.php\/fotos\/boheme-2020\/smudo-2020_apero-mit-der-fritschimusig\/","title":{"rendered":"SMUDO 2020_Ap\u00e9ro mit der Fritschimusig"},"content":{"rendered":"<p><strong>Schmutziger Donnerstag 2020: Ap\u00e9ro mit der Fritschimusig<\/strong><br \/>\n<div id=\"jig1\" class=\"justified-image-grid jig-53b6a2212ce5a48b3c3c3dea11342fbf jig-preset-global jig-source-flickr\"><div class=\"jig-clearfix\"><\/div><noscript id=\"jig1-html\" class=\"justified-image-grid-html\" data-lazy-src=\"skiplazyload\" data-src=\"skipunveillazyload\"><ul><li><a href=\"https:\/\/i0.wp.com\/live.staticflickr.com\/65535\/49595118118_1de9aa9363_b.jpg?ssl=1\" title=\"49595118118_1de9aa9363_b\"><img decoding=\"async\" src=\"https:\/\/i0.wp.com\/live.staticflickr.com\/65535\/49595118118_1de9aa9363_b.jpg?h=230\" alt=\"1-Bohe\u0300me_SMUDO-2020_Ape\u0301ro-Fritschimusig\" width=\"346\" height=\"230\" \/><\/a><p class=\"jig-HTMLdescription\">1-Bohe\u0300me_SMUDO-2020_Ape\u0301ro-Fritschimusig<br\/>49595118118_1de9aa9363_b<\/p><\/li><li><a href=\"https:\/\/i0.wp.com\/live.staticflickr.com\/65535\/49595617896_83b9446f80_b.jpg?ssl=1\" title=\"49595617896_83b9446f80_b\"><img decoding=\"async\" src=\"https:\/\/i0.wp.com\/live.staticflickr.com\/65535\/49595617896_83b9446f80_b.jpg?h=230\" alt=\"2-Bohe\u0300me_SMUDO-2020_Ape\u0301ro-Fritschimusig\" width=\"346\" height=\"230\" \/><\/a><p class=\"jig-HTMLdescription\">2-Bohe\u0300me_SMUDO-2020_Ape\u0301ro-Fritschimusig<br\/>49595617896_83b9446f80_b<\/p><\/li><li><a href=\"https:\/\/i0.wp.com\/live.staticflickr.com\/65535\/49595117703_932aeb45d2_b.jpg?ssl=1\" title=\"49595117703_932aeb45d2_b\"><img decoding=\"async\" src=\"https:\/\/i0.wp.com\/live.staticflickr.com\/65535\/49595117703_932aeb45d2_b.jpg?h=230\" alt=\"3-Bohe\u0300me_SMUDO-2020_Ape\u0301ro-Fritschimusig\" width=\"346\" height=\"230\" \/><\/a><p class=\"jig-HTMLdescription\">3-Bohe\u0300me_SMUDO-2020_Ape\u0301ro-Fritschimusig<br\/>49595117703_932aeb45d2_b<\/p><\/li><li><a href=\"https:\/\/i0.wp.com\/live.staticflickr.com\/65535\/49595868662_b768eca01d_b.jpg?ssl=1\" title=\"49595868662_b768eca01d_b\"><img decoding=\"async\" src=\"https:\/\/i0.wp.com\/live.staticflickr.com\/65535\/49595868662_b768eca01d_b.jpg?h=230\" alt=\"4-Bohe\u0300me_SMUDO-2020_Ape\u0301ro-Fritschimusig\" width=\"346\" height=\"230\" \/><\/a><p class=\"jig-HTMLdescription\">4-Bohe\u0300me_SMUDO-2020_Ape\u0301ro-Fritschimusig<br\/>49595868662_b768eca01d_b<\/p><\/li><li><a href=\"https:\/\/i0.wp.com\/live.staticflickr.com\/65535\/49595617131_ca48b26075_b.jpg?ssl=1\" title=\"49595617131_ca48b26075_b\"><img decoding=\"async\" src=\"https:\/\/i0.wp.com\/live.staticflickr.com\/65535\/49595617131_ca48b26075_b.jpg?h=230\" alt=\"5-Bohe\u0300me_SMUDO-2020_Ape\u0301ro-Fritschimusig\" width=\"346\" height=\"230\" \/><\/a><p class=\"jig-HTMLdescription\">5-Bohe\u0300me_SMUDO-2020_Ape\u0301ro-Fritschimusig<br\/>49595617131_ca48b26075_b<\/p><\/li><li><a href=\"https:\/\/i0.wp.com\/live.staticflickr.com\/65535\/49595616821_9c88470f10_b.jpg?ssl=1\" title=\"49595616821_9c88470f10_b\"><img decoding=\"async\" src=\"https:\/\/i0.wp.com\/live.staticflickr.com\/65535\/49595616821_9c88470f10_b.jpg?h=230\" alt=\"6-Bohe\u0300me_SMUDO-2020_Ape\u0301ro-Fritschimusig\" width=\"346\" height=\"230\" \/><\/a><p class=\"jig-HTMLdescription\">6-Bohe\u0300me_SMUDO-2020_Ape\u0301ro-Fritschimusig<br\/>49595616821_9c88470f10_b<\/p><\/li><li><a href=\"https:\/\/i0.wp.com\/live.staticflickr.com\/65535\/49595616581_701564e1be_b.jpg?ssl=1\" title=\"49595616581_701564e1be_b\"><img decoding=\"async\" src=\"https:\/\/i0.wp.com\/live.staticflickr.com\/65535\/49595616581_701564e1be_b.jpg?h=230\" alt=\"7-Bohe\u0300me_SMUDO-2020_Ape\u0301ro-Fritschimusig\" width=\"346\" height=\"230\" \/><\/a><p class=\"jig-HTMLdescription\">7-Bohe\u0300me_SMUDO-2020_Ape\u0301ro-Fritschimusig<br\/>49595616581_701564e1be_b<\/p><\/li><li><a href=\"https:\/\/i0.wp.com\/live.staticflickr.com\/65535\/49595116453_d5e4ac097c_b.jpg?ssl=1\" title=\"49595116453_d5e4ac097c_b\"><img decoding=\"async\" src=\"https:\/\/i0.wp.com\/live.staticflickr.com\/65535\/49595116453_d5e4ac097c_b.jpg?h=230\" alt=\"8-Bohe\u0300me_SMUDO-2020_Ape\u0301ro-Fritschimusig\" width=\"346\" height=\"230\" \/><\/a><p class=\"jig-HTMLdescription\">8-Bohe\u0300me_SMUDO-2020_Ape\u0301ro-Fritschimusig<br\/>49595116453_d5e4ac097c_b<\/p><\/li><li><a href=\"https:\/\/i0.wp.com\/live.staticflickr.com\/65535\/49595116323_34bc3c6e0b_b.jpg?ssl=1\" title=\"49595116323_34bc3c6e0b_b\"><img decoding=\"async\" src=\"https:\/\/i0.wp.com\/live.staticflickr.com\/65535\/49595116323_34bc3c6e0b_b.jpg?h=230\" alt=\"9-Bohe\u0300me_SMUDO-2020_Ape\u0301ro-Fritschimusig\" width=\"346\" height=\"230\" \/><\/a><p class=\"jig-HTMLdescription\">9-Bohe\u0300me_SMUDO-2020_Ape\u0301ro-Fritschimusig<br\/>49595116323_34bc3c6e0b_b<\/p><\/li><li><a href=\"https:\/\/i0.wp.com\/live.staticflickr.com\/65535\/49595116133_dd656b1ced_b.jpg?ssl=1\" title=\"49595116133_dd656b1ced_b\"><img decoding=\"async\" src=\"https:\/\/i0.wp.com\/live.staticflickr.com\/65535\/49595116133_dd656b1ced_b.jpg?h=230\" alt=\"10-Bohe\u0300me_SMUDO-2020_Ape\u0301ro-Fritschimusig\" width=\"346\" height=\"230\" \/><\/a><p class=\"jig-HTMLdescription\">10-Bohe\u0300me_SMUDO-2020_Ape\u0301ro-Fritschimusig<br\/>49595116133_dd656b1ced_b<\/p><\/li><li><a href=\"https:\/\/i0.wp.com\/live.staticflickr.com\/65535\/49595867217_d52de409d8_b.jpg?ssl=1\" title=\"49595867217_d52de409d8_b\"><img decoding=\"async\" src=\"https:\/\/i0.wp.com\/live.staticflickr.com\/65535\/49595867217_d52de409d8_b.jpg?h=230\" alt=\"11-Bohe\u0300me_SMUDO-2020_Ape\u0301ro-Fritschimusig\" width=\"346\" height=\"230\" \/><\/a><p class=\"jig-HTMLdescription\">11-Bohe\u0300me_SMUDO-2020_Ape\u0301ro-Fritschimusig<br\/>49595867217_d52de409d8_b<\/p><\/li><li><a href=\"https:\/\/i0.wp.com\/live.staticflickr.com\/65535\/49595867087_1a490a393c_b.jpg?ssl=1\" title=\"49595867087_1a490a393c_b\"><img decoding=\"async\" src=\"https:\/\/i0.wp.com\/live.staticflickr.com\/65535\/49595867087_1a490a393c_b.jpg?h=230\" alt=\"12-Bohe\u0300me_SMUDO-2020_Ape\u0301ro-Fritschimusig\" width=\"153\" height=\"230\" \/><\/a><p class=\"jig-HTMLdescription\">12-Bohe\u0300me_SMUDO-2020_Ape\u0301ro-Fritschimusig<br\/>49595867087_1a490a393c_b<\/p><\/li><li><a href=\"https:\/\/i0.wp.com\/live.staticflickr.com\/65535\/49595115828_0582dbc0af_b.jpg?ssl=1\" title=\"49595115828_0582dbc0af_b\"><img decoding=\"async\" src=\"https:\/\/i0.wp.com\/live.staticflickr.com\/65535\/49595115828_0582dbc0af_b.jpg?h=230\" alt=\"13-Bohe\u0300me_SMUDO-2020_Ape\u0301ro-Fritschimusig\" width=\"153\" height=\"230\" \/><\/a><p class=\"jig-HTMLdescription\">13-Bohe\u0300me_SMUDO-2020_Ape\u0301ro-Fritschimusig<br\/>49595115828_0582dbc0af_b<\/p><\/li><li><a href=\"https:\/\/i0.wp.com\/live.staticflickr.com\/65535\/49595866932_1df9fbf7b2_b.jpg?ssl=1\" title=\"49595866932_1df9fbf7b2_b\"><img decoding=\"async\" src=\"https:\/\/i0.wp.com\/live.staticflickr.com\/65535\/49595866932_1df9fbf7b2_b.jpg?h=230\" alt=\"14-Bohe\u0300me_SMUDO-2020_Ape\u0301ro-Fritschimusig\" width=\"346\" height=\"230\" \/><\/a><p class=\"jig-HTMLdescription\">14-Bohe\u0300me_SMUDO-2020_Ape\u0301ro-Fritschimusig<br\/>49595866932_1df9fbf7b2_b<\/p><\/li><li><a href=\"https:\/\/i0.wp.com\/live.staticflickr.com\/65535\/49595115528_b9c9ac7810_b.jpg?ssl=1\" title=\"49595115528_b9c9ac7810_b\"><img decoding=\"async\" src=\"https:\/\/i0.wp.com\/live.staticflickr.com\/65535\/49595115528_b9c9ac7810_b.jpg?h=230\" alt=\"15-Bohe\u0300me_SMUDO-2020_Ape\u0301ro-Fritschimusig\" width=\"346\" height=\"230\" \/><\/a><p class=\"jig-HTMLdescription\">15-Bohe\u0300me_SMUDO-2020_Ape\u0301ro-Fritschimusig<br\/>49595115528_b9c9ac7810_b<\/p><\/li><li><a href=\"https:\/\/i0.wp.com\/live.staticflickr.com\/65535\/49595115223_b73a5d8f23_b.jpg?ssl=1\" title=\"49595115223_b73a5d8f23_b\"><img decoding=\"async\" src=\"https:\/\/i0.wp.com\/live.staticflickr.com\/65535\/49595115223_b73a5d8f23_b.jpg?h=230\" alt=\"16-Bohe\u0300me_SMUDO-2020_Ape\u0301ro-Fritschimusig\" width=\"346\" height=\"230\" \/><\/a><p class=\"jig-HTMLdescription\">16-Bohe\u0300me_SMUDO-2020_Ape\u0301ro-Fritschimusig<br\/>49595115223_b73a5d8f23_b<\/p><\/li><li><a href=\"https:\/\/i0.wp.com\/live.staticflickr.com\/65535\/49595114958_f70a588cd4_b.jpg?ssl=1\" title=\"49595114958_f70a588cd4_b\"><img decoding=\"async\" src=\"https:\/\/i0.wp.com\/live.staticflickr.com\/65535\/49595114958_f70a588cd4_b.jpg?h=230\" alt=\"17-Bohe\u0300me_SMUDO-2020_Ape\u0301ro-Fritschimusig\" width=\"346\" height=\"230\" \/><\/a><p class=\"jig-HTMLdescription\">17-Bohe\u0300me_SMUDO-2020_Ape\u0301ro-Fritschimusig<br\/>49595114958_f70a588cd4_b<\/p><\/li><li><a href=\"https:\/\/i0.wp.com\/live.staticflickr.com\/65535\/49595865922_45fb40661b_b.jpg?ssl=1\" title=\"49595865922_45fb40661b_b\"><img decoding=\"async\" src=\"https:\/\/i0.wp.com\/live.staticflickr.com\/65535\/49595865922_45fb40661b_b.jpg?h=230\" alt=\"18-Bohe\u0300me_SMUDO-2020_Ape\u0301ro-Fritschimusig\" width=\"346\" height=\"230\" \/><\/a><p class=\"jig-HTMLdescription\">18-Bohe\u0300me_SMUDO-2020_Ape\u0301ro-Fritschimusig<br\/>49595865922_45fb40661b_b<\/p><\/li><li><a href=\"https:\/\/i0.wp.com\/live.staticflickr.com\/65535\/49595865742_e42e97dcf2_b.jpg?ssl=1\" title=\"49595865742_e42e97dcf2_b\"><img decoding=\"async\" src=\"https:\/\/i0.wp.com\/live.staticflickr.com\/65535\/49595865742_e42e97dcf2_b.jpg?h=230\" alt=\"19-Bohe\u0300me_SMUDO-2020_Ape\u0301ro-Fritschimusig\" width=\"346\" height=\"230\" \/><\/a><p class=\"jig-HTMLdescription\">19-Bohe\u0300me_SMUDO-2020_Ape\u0301ro-Fritschimusig<br\/>49595865742_e42e97dcf2_b<\/p><\/li><li><a href=\"https:\/\/i0.wp.com\/live.staticflickr.com\/65535\/49595614176_2d1db1d3ba_b.jpg?ssl=1\" title=\"49595614176_2d1db1d3ba_b\"><img decoding=\"async\" src=\"https:\/\/i0.wp.com\/live.staticflickr.com\/65535\/49595614176_2d1db1d3ba_b.jpg?h=230\" alt=\"20-Bohe\u0300me_SMUDO-2020_Ape\u0301ro-Fritschimusig\" width=\"346\" height=\"230\" \/><\/a><p class=\"jig-HTMLdescription\">20-Bohe\u0300me_SMUDO-2020_Ape\u0301ro-Fritschimusig<br\/>49595614176_2d1db1d3ba_b<\/p><\/li><li><a href=\"https:\/\/i0.wp.com\/live.staticflickr.com\/65535\/49595114158_e3578f32f8_b.jpg?ssl=1\" title=\"49595114158_e3578f32f8_b\"><img decoding=\"async\" src=\"https:\/\/i0.wp.com\/live.staticflickr.com\/65535\/49595114158_e3578f32f8_b.jpg?h=230\" alt=\"21-Bohe\u0300me_SMUDO-2020_Ape\u0301ro-Fritschimusig\" width=\"346\" height=\"230\" \/><\/a><p class=\"jig-HTMLdescription\">21-Bohe\u0300me_SMUDO-2020_Ape\u0301ro-Fritschimusig<br\/>49595114158_e3578f32f8_b<\/p><\/li><li><a href=\"https:\/\/i0.wp.com\/live.staticflickr.com\/65535\/49595113838_dd61094e97_b.jpg?ssl=1\" title=\"49595113838_dd61094e97_b\"><img decoding=\"async\" src=\"https:\/\/i0.wp.com\/live.staticflickr.com\/65535\/49595113838_dd61094e97_b.jpg?h=230\" alt=\"22-Bohe\u0300me_SMUDO-2020_Ape\u0301ro-Fritschimusig\" width=\"346\" height=\"230\" \/><\/a><p class=\"jig-HTMLdescription\">22-Bohe\u0300me_SMUDO-2020_Ape\u0301ro-Fritschimusig<br\/>49595113838_dd61094e97_b<\/p><\/li><li><a href=\"https:\/\/i0.wp.com\/live.staticflickr.com\/65535\/49595113098_7c94ef8a85_b.jpg?ssl=1\" title=\"49595113098_7c94ef8a85_b\"><img decoding=\"async\" src=\"https:\/\/i0.wp.com\/live.staticflickr.com\/65535\/49595113098_7c94ef8a85_b.jpg?h=230\" alt=\"23-Bohe\u0300me_SMUDO-2020_Ape\u0301ro-Fritschimusig\" width=\"346\" height=\"230\" \/><\/a><p class=\"jig-HTMLdescription\">23-Bohe\u0300me_SMUDO-2020_Ape\u0301ro-Fritschimusig<br\/>49595113098_7c94ef8a85_b<\/p><\/li><li><a href=\"https:\/\/i0.wp.com\/live.staticflickr.com\/65535\/49595113468_231223cbcd_b.jpg?ssl=1\" title=\"49595113468_231223cbcd_b\"><img decoding=\"async\" src=\"https:\/\/i0.wp.com\/live.staticflickr.com\/65535\/49595113468_231223cbcd_b.jpg?h=230\" alt=\"24-Bohe\u0300me_SMUDO-2020_Ape\u0301ro-Fritschimusig\" width=\"346\" height=\"230\" \/><\/a><p class=\"jig-HTMLdescription\">24-Bohe\u0300me_SMUDO-2020_Ape\u0301ro-Fritschimusig<br\/>49595113468_231223cbcd_b<\/p><\/li><li><a href=\"https:\/\/i0.wp.com\/live.staticflickr.com\/65535\/49595112683_080cc24daa_b.jpg?ssl=1\" title=\"49595112683_080cc24daa_b\"><img decoding=\"async\" src=\"https:\/\/i0.wp.com\/live.staticflickr.com\/65535\/49595112683_080cc24daa_b.jpg?h=230\" alt=\"25-Bohe\u0300me_SMUDO-2020_Ape\u0301ro-Fritschimusig\" width=\"346\" height=\"230\" \/><\/a><p class=\"jig-HTMLdescription\">25-Bohe\u0300me_SMUDO-2020_Ape\u0301ro-Fritschimusig<br\/>49595112683_080cc24daa_b<\/p><\/li><\/ul><\/noscript><\/div><\/p>\n<p><a href=\"https:\/\/www.flickr.com\/photos\/freymarkus\/albums\/72157713288996023\" target=\"_blank\" rel=\"noopener noreferrer\"><strong>flickr<\/strong><\/a><\/p>\n","protected":false},"excerpt":{"rendered":"<p>Schmutziger Donnerstag 2020: Ap\u00e9ro mit der Fritschimusig flickr<\/p>\n","protected":false},"author":2,"featured_media":0,"parent":2751,"menu_order":0,"comment_status":"closed","ping_status":"closed","template":"","meta":{"ngg_post_thumbnail":0,"footnotes":""},"class_list":["post-2911","page","type-page","status-publish","hentry"],"yoast_head":"<!-- This site is optimized with the Yoast SEO plugin v27.6 - https:\/\/yoast.com\/product\/yoast-seo-wordpress\/ -->\n<title>SMUDO 2020_Ap\u00e9ro mit der Fritschimusig - Boh\u00e8me Musig Loz\u00e4rn<\/title>\n<meta name=\"robots\" content=\"index, follow, max-snippet:-1, max-image-preview:large, max-video-preview:-1\" \/>\n<link rel=\"canonical\" href=\"https:\/\/boheme-luzern.ch\/index.php\/fotos\/boheme-2020\/smudo-2020_apero-mit-der-fritschimusig\/\" \/>\n<meta property=\"og:locale\" content=\"de_DE\" \/>\n<meta property=\"og:type\" content=\"article\" \/>\n<meta property=\"og:title\" content=\"SMUDO 2020_Ap\u00e9ro mit der Fritschimusig - Boh\u00e8me Musig Loz\u00e4rn\" \/>\n<meta property=\"og:description\" content=\"Schmutziger Donnerstag 2020: Ap\u00e9ro mit der Fritschimusig flickr\" \/>\n<meta property=\"og:url\" content=\"https:\/\/boheme-luzern.ch\/index.php\/fotos\/boheme-2020\/smudo-2020_apero-mit-der-fritschimusig\/\" \/>\n<meta property=\"og:site_name\" content=\"Boh\u00e8me Musig Loz\u00e4rn\" \/>\n<meta property=\"article:publisher\" content=\"https:\/\/de-de.facebook.com\/BohemeLuzern\/\" \/>\n<meta property=\"article:modified_time\" content=\"2020-03-17T15:18:05+00:00\" \/>\n<meta name=\"twitter:card\" content=\"summary_large_image\" \/>\n<script type=\"application\/ld+json\" class=\"yoast-schema-graph\">{\"@context\":\"https:\\\/\\\/schema.org\",\"@graph\":[{\"@type\":\"WebPage\",\"@id\":\"https:\\\/\\\/boheme-luzern.ch\\\/index.php\\\/fotos\\\/boheme-2020\\\/smudo-2020_apero-mit-der-fritschimusig\\\/\",\"url\":\"https:\\\/\\\/boheme-luzern.ch\\\/index.php\\\/fotos\\\/boheme-2020\\\/smudo-2020_apero-mit-der-fritschimusig\\\/\",\"name\":\"SMUDO 2020_Ap\u00e9ro mit der Fritschimusig - Boh\u00e8me Musig Loz\u00e4rn\",\"isPartOf\":{\"@id\":\"https:\\\/\\\/boheme-luzern.ch\\\/#website\"},\"datePublished\":\"2020-02-28T12:13:01+00:00\",\"dateModified\":\"2020-03-17T15:18:05+00:00\",\"breadcrumb\":{\"@id\":\"https:\\\/\\\/boheme-luzern.ch\\\/index.php\\\/fotos\\\/boheme-2020\\\/smudo-2020_apero-mit-der-fritschimusig\\\/#breadcrumb\"},\"inLanguage\":\"de\",\"potentialAction\":[{\"@type\":\"ReadAction\",\"target\":[\"https:\\\/\\\/boheme-luzern.ch\\\/index.php\\\/fotos\\\/boheme-2020\\\/smudo-2020_apero-mit-der-fritschimusig\\\/\"]}]},{\"@type\":\"BreadcrumbList\",\"@id\":\"https:\\\/\\\/boheme-luzern.ch\\\/index.php\\\/fotos\\\/boheme-2020\\\/smudo-2020_apero-mit-der-fritschimusig\\\/#breadcrumb\",\"itemListElement\":[{\"@type\":\"ListItem\",\"position\":1,\"name\":\"Startseite\",\"item\":\"https:\\\/\\\/boheme-luzern.ch\\\/\"},{\"@type\":\"ListItem\",\"position\":2,\"name\":\"Fotos \\\/ Videos\",\"item\":\"https:\\\/\\\/boheme-luzern.ch\\\/index.php\\\/fotos\\\/\"},{\"@type\":\"ListItem\",\"position\":3,\"name\":\"Boh\u00e8me 2020\",\"item\":\"https:\\\/\\\/boheme-luzern.ch\\\/index.php\\\/fotos\\\/boheme-2020\\\/\"},{\"@type\":\"ListItem\",\"position\":4,\"name\":\"SMUDO 2020_Ap\u00e9ro mit der Fritschimusig\"}]},{\"@type\":\"WebSite\",\"@id\":\"https:\\\/\\\/boheme-luzern.ch\\\/#website\",\"url\":\"https:\\\/\\\/boheme-luzern.ch\\\/\",\"name\":\"Boh\u00e8me Musig Loz\u00e4rn\",\"description\":\"\",\"publisher\":{\"@id\":\"https:\\\/\\\/boheme-luzern.ch\\\/#organization\"},\"potentialAction\":[{\"@type\":\"SearchAction\",\"target\":{\"@type\":\"EntryPoint\",\"urlTemplate\":\"https:\\\/\\\/boheme-luzern.ch\\\/?s={search_term_string}\"},\"query-input\":{\"@type\":\"PropertyValueSpecification\",\"valueRequired\":true,\"valueName\":\"search_term_string\"}}],\"inLanguage\":\"de\"},{\"@type\":\"Organization\",\"@id\":\"https:\\\/\\\/boheme-luzern.ch\\\/#organization\",\"name\":\"Boh\u00e8me Musig Loz\u00e4rn\",\"url\":\"https:\\\/\\\/boheme-luzern.ch\\\/\",\"logo\":{\"@type\":\"ImageObject\",\"inLanguage\":\"de\",\"@id\":\"https:\\\/\\\/boheme-luzern.ch\\\/#\\\/schema\\\/logo\\\/image\\\/\",\"url\":\"https:\\\/\\\/i2.wp.com\\\/boheme-luzern.ch\\\/wp-content\\\/uploads\\\/2018\\\/04\\\/logo_boheme_transparent.gif?fit=97%2C68&ssl=1\",\"contentUrl\":\"https:\\\/\\\/i2.wp.com\\\/boheme-luzern.ch\\\/wp-content\\\/uploads\\\/2018\\\/04\\\/logo_boheme_transparent.gif?fit=97%2C68&ssl=1\",\"width\":97,\"height\":68,\"caption\":\"Boh\u00e8me Musig Loz\u00e4rn\"},\"image\":{\"@id\":\"https:\\\/\\\/boheme-luzern.ch\\\/#\\\/schema\\\/logo\\\/image\\\/\"},\"sameAs\":[\"https:\\\/\\\/de-de.facebook.com\\\/BohemeLuzern\\\/\"]}]}<\/script>\n<!-- \/ Yoast SEO plugin. -->","yoast_head_json":{"title":"SMUDO 2020_Ap\u00e9ro mit der Fritschimusig - Boh\u00e8me Musig Loz\u00e4rn","robots":{"index":"index","follow":"follow","max-snippet":"max-snippet:-1","max-image-preview":"max-image-preview:large","max-video-preview":"max-video-preview:-1"},"canonical":"https:\/\/boheme-luzern.ch\/index.php\/fotos\/boheme-2020\/smudo-2020_apero-mit-der-fritschimusig\/","og_locale":"de_DE","og_type":"article","og_title":"SMUDO 2020_Ap\u00e9ro mit der Fritschimusig - Boh\u00e8me Musig Loz\u00e4rn","og_description":"Schmutziger Donnerstag 2020: Ap\u00e9ro mit der Fritschimusig flickr","og_url":"https:\/\/boheme-luzern.ch\/index.php\/fotos\/boheme-2020\/smudo-2020_apero-mit-der-fritschimusig\/","og_site_name":"Boh\u00e8me Musig Loz\u00e4rn","article_publisher":"https:\/\/de-de.facebook.com\/BohemeLuzern\/","article_modified_time":"2020-03-17T15:18:05+00:00","twitter_card":"summary_large_image","schema":{"@context":"https:\/\/schema.org","@graph":[{"@type":"WebPage","@id":"https:\/\/boheme-luzern.ch\/index.php\/fotos\/boheme-2020\/smudo-2020_apero-mit-der-fritschimusig\/","url":"https:\/\/boheme-luzern.ch\/index.php\/fotos\/boheme-2020\/smudo-2020_apero-mit-der-fritschimusig\/","name":"SMUDO 2020_Ap\u00e9ro mit der Fritschimusig - Boh\u00e8me Musig Loz\u00e4rn","isPartOf":{"@id":"https:\/\/boheme-luzern.ch\/#website"},"datePublished":"2020-02-28T12:13:01+00:00","dateModified":"2020-03-17T15:18:05+00:00","breadcrumb":{"@id":"https:\/\/boheme-luzern.ch\/index.php\/fotos\/boheme-2020\/smudo-2020_apero-mit-der-fritschimusig\/#breadcrumb"},"inLanguage":"de","potentialAction":[{"@type":"ReadAction","target":["https:\/\/boheme-luzern.ch\/index.php\/fotos\/boheme-2020\/smudo-2020_apero-mit-der-fritschimusig\/"]}]},{"@type":"BreadcrumbList","@id":"https:\/\/boheme-luzern.ch\/index.php\/fotos\/boheme-2020\/smudo-2020_apero-mit-der-fritschimusig\/#breadcrumb","itemListElement":[{"@type":"ListItem","position":1,"name":"Startseite","item":"https:\/\/boheme-luzern.ch\/"},{"@type":"ListItem","position":2,"name":"Fotos \/ Videos","item":"https:\/\/boheme-luzern.ch\/index.php\/fotos\/"},{"@type":"ListItem","position":3,"name":"Boh\u00e8me 2020","item":"https:\/\/boheme-luzern.ch\/index.php\/fotos\/boheme-2020\/"},{"@type":"ListItem","position":4,"name":"SMUDO 2020_Ap\u00e9ro mit der Fritschimusig"}]},{"@type":"WebSite","@id":"https:\/\/boheme-luzern.ch\/#website","url":"https:\/\/boheme-luzern.ch\/","name":"Boh\u00e8me Musig Loz\u00e4rn","description":"","publisher":{"@id":"https:\/\/boheme-luzern.ch\/#organization"},"potentialAction":[{"@type":"SearchAction","target":{"@type":"EntryPoint","urlTemplate":"https:\/\/boheme-luzern.ch\/?s={search_term_string}"},"query-input":{"@type":"PropertyValueSpecification","valueRequired":true,"valueName":"search_term_string"}}],"inLanguage":"de"},{"@type":"Organization","@id":"https:\/\/boheme-luzern.ch\/#organization","name":"Boh\u00e8me Musig Loz\u00e4rn","url":"https:\/\/boheme-luzern.ch\/","logo":{"@type":"ImageObject","inLanguage":"de","@id":"https:\/\/boheme-luzern.ch\/#\/schema\/logo\/image\/","url":"https:\/\/i2.wp.com\/boheme-luzern.ch\/wp-content\/uploads\/2018\/04\/logo_boheme_transparent.gif?fit=97%2C68&ssl=1","contentUrl":"https:\/\/i2.wp.com\/boheme-luzern.ch\/wp-content\/uploads\/2018\/04\/logo_boheme_transparent.gif?fit=97%2C68&ssl=1","width":97,"height":68,"caption":"Boh\u00e8me Musig Loz\u00e4rn"},"image":{"@id":"https:\/\/boheme-luzern.ch\/#\/schema\/logo\/image\/"},"sameAs":["https:\/\/de-de.facebook.com\/BohemeLuzern\/"]}]}},"jetpack_sharing_enabled":true,"jetpack_shortlink":"https:\/\/wp.me\/P9zzpd-KX","jetpack_likes_enabled":true,"jetpack-related-posts":[],"_links":{"self":[{"href":"https:\/\/boheme-luzern.ch\/index.php\/wp-json\/wp\/v2\/pages\/2911","targetHints":{"allow":["GET"]}}],"collection":[{"href":"https:\/\/boheme-luzern.ch\/index.php\/wp-json\/wp\/v2\/pages"}],"about":[{"href":"https:\/\/boheme-luzern.ch\/index.php\/wp-json\/wp\/v2\/types\/page"}],"author":[{"embeddable":true,"href":"https:\/\/boheme-luzern.ch\/index.php\/wp-json\/wp\/v2\/users\/2"}],"replies":[{"embeddable":true,"href":"https:\/\/boheme-luzern.ch\/index.php\/wp-json\/wp\/v2\/comments?post=2911"}],"version-history":[{"count":6,"href":"https:\/\/boheme-luzern.ch\/index.php\/wp-json\/wp\/v2\/pages\/2911\/revisions"}],"predecessor-version":[{"id":3148,"href":"https:\/\/boheme-luzern.ch\/index.php\/wp-json\/wp\/v2\/pages\/2911\/revisions\/3148"}],"up":[{"embeddable":true,"href":"https:\/\/boheme-luzern.ch\/index.php\/wp-json\/wp\/v2\/pages\/2751"}],"wp:attachment":[{"href":"https:\/\/boheme-luzern.ch\/index.php\/wp-json\/wp\/v2\/media?parent=2911"}],"curies":[{"name":"wp","href":"https:\/\/api.w.org\/{rel}","templated":true}]}}