{"id":448,"date":"2018-01-16T12:46:06","date_gmt":"2018-01-16T12:46:06","guid":{"rendered":"https:\/\/boheme-luzern.ch\/?page_id=448"},"modified":"2020-03-01T14:54:44","modified_gmt":"2020-03-01T14:54:44","slug":"unsere-geschichte-2","status":"publish","type":"page","link":"https:\/\/boheme-luzern.ch\/index.php\/ueber-uns\/unsere-geschichte-2\/","title":{"rendered":"Geschichte"},"content":{"rendered":"<p><strong>Boh\u00e8me \u2013 erfreut seit 1950<\/strong><\/p>\n<p><span style=\"font-family: -apple-system, BlinkMacSystemFont, 'Segoe UI', Roboto, Oxygen-Sans, Ubuntu, Cantarell, 'Helvetica Neue', sans-serif;\"><strong>Gr\u00fcndung und Gr\u00fcnder<\/strong><br \/>\n<\/span><span style=\"font-family: -apple-system, BlinkMacSystemFont, 'Segoe UI', Roboto, Oxygen-Sans, Ubuntu, Cantarell, 'Helvetica Neue', sans-serif;\">1950 (als Nachfolgerin der 1948 gegr\u00fcndeten \u201eMais-Br\u00fcder\u201c)<\/span><span style=\"font-family: -apple-system, BlinkMacSystemFont, 'Segoe UI', Roboto, Oxygen-Sans, Ubuntu, Cantarell, 'Helvetica Neue', sans-serif;\"><br \/>\nBruno Koch mit Freunden aus der \u201eStifti\u201c.<\/span><span style=\"font-family: -apple-system, BlinkMacSystemFont, 'Segoe UI', Roboto, Oxygen-Sans, Ubuntu, Cantarell, 'Helvetica Neue', sans-serif;\"><br \/>\n<\/span><strong><span style=\"font-family: -apple-system, BlinkMacSystemFont, 'Segoe UI', Roboto, Oxygen-Sans, Ubuntu, Cantarell, 'Helvetica Neue', sans-serif;\"><br \/>\nCharakteristik<br \/>\n<\/span><\/strong>Die Mitglieder \u2013Kunstschaffende, aber auch andere Intellektuelle- pflegen die traditionelle \u201eLoz\u00e4rner<br \/>\nFasnacht\u201c, insbesondere die Urkl\u00e4nge luzernischer Guuggenmusigen mit den beliebten M\u00e4rschen.<br \/>\n<strong><br \/>\nWichtige&nbsp;Daten<br \/>\n<\/strong>&#8211; Dezember<strong>&nbsp;<\/strong>1976: Trennung von Kunstmaler Leopold H\u00e4fliger, der ab 1977 die \u201eAlte Garde\u201c anf\u00fchrte.<br \/>\n&#8211; Jubil\u00e4en, die jeweils mit G\u00f6nnern und ehemaligen Mitgliedern begangen werden:<br \/>\nzuletzt am 5. Februar 2005 (55 Jahre Boh\u00e8me) mit Ap\u00e9ro im \u201eWilden Mann\u201c<\/p>\n<p>Die Boh\u00e8me geh\u00f6rt zu den drei \u00e4ltesten Guuggenmusigen Luzerns. Die Gr\u00fcndung erfolgte 1950 durch Bruno Koch, damals Grafik- und Dekorateur-Lehrling bei Sepp Ebinger, sp\u00e4ter Sakristan in der Kapelle St. Peter am Kapellplatz, Wirt im \u201eRebstock\u201c unterhalb der Hofkirche. Danach wirkte Bruno Koch in der \u201eAngelfluh\u201c in Meggen, wo er \u00fcber dem Vierwaldst\u00e4ttersee vor allem mit seinen mediterranen Spezialit\u00e4ten die G\u00e4ste begeisterte.<\/p>\n<p>Was bisher eher unbekannt war: der urspr\u00fcngliche Name der Boh\u00e8me lautete \u201eMais-Br\u00fcder\u201c. Da die Lehrlinge zwar f\u00fcr die Guuggemusig Grinden basteln, mit ihren Lehrmeistern aber nicht mitlaufen durften, meinte Bruno Koch, wir machen \u201eMais\u201c und gr\u00fcndete 1948 kurzerhand die \u201eMais-Br\u00fcder\u201c. Zwei Jahre sp\u00e4ter wurde die Musig zur \u201eBoh\u00e8me Loz\u00e4rn\u201c. 1952 trat mit Leopold H\u00e4fliger, der nach Querelen in der Chatzemusig\u201c eine andere Musig suchte, zur \u201eBoh\u00e8me\u201c und fand hier eine seinen Talenten angepasste Umgebung.<\/p>\n<p>Zusammen mit Sepp Ebinger (Loz\u00e4rner Guuggemusig, 1948), Max Baumann (Chatzemusig, 1949) geh\u00f6rte \u201eP\u00f6ldi\u201c, wie ihn Freunde nannten, zu den markanten Pers\u00f6nlichkeiten der noch jungen Guuggemusigszene. Er setzte in der Folge mit seinen Freunden markante Impulse und \u00fcberraschte immer wieder mit neuen Akzenten.<\/p>\n<p>Leopold H\u00e4fliger war ein liebensw\u00fcrdiger, sehr begeisterungsf\u00e4higer Zeitgenosse, der allerdings seine cholerischen Seiten hatte und als \u201eenfant terrible\u201c der Fasnachtsszene galt. In der Boh\u00e8me fand er ein eigentliches Tummelfeld f\u00fcr seine kreativen Ideen, auch wenn er gelegentlich versuchte seinem \u201eVorbild\u201c Ebinger nachzueifern. H\u00e4fliger pr\u00e4gte in der Folge die Boh\u00e8me, bis es 1975 zum Bruch kam, die Musig sich spaltete und ein Teil als \u201eAlte Garde\u201c mit Leopold H\u00e4fliger durch Luzerns Gassen schritt. Aber hier wie dort waren es die alten M\u00e4rsche, mit denen sich die zweigeteilte Musig charakteristisch langsam bewegte.<\/p>\n<p>Heute gibt sich die Boh\u00e8me jung, initiativ und kreativ. Der Mitgliederbestand -nicht zu gross und nicht zu klein- darf sich sehen lassen, wobei ein ideales Gemisch von Jungen und jung gebliebenen \u201eAlten\u201c sehr wahrscheinlich gerade jenes gewisse Etwas ausmacht, das innerhalb der Musig zu einem ausgepr\u00e4gten kameradschaftlichen Verh\u00e4ltnis f\u00fchrt. Kontroverse Diskussionen an Proben oder der Generalversammlung tun diesem Zusammenhalt keinen Abbruch.<\/p>\n<p>Die Boh\u00e8miens gehen mit grossem Enthusiasmus an die Fasnacht und erfreuen so nicht nur die Zuschauer l\u00e4ngs der Gassen und Strassenz\u00fcgen oder in den Restaurants, sondern auch sich selber. Dabei ist bei der Boh\u00e8me der sog. \u201eGuuggenmusig-Tourismus\u201c verp\u00f6nt, das heisst, sie bleiben an den Fasnachtstagen der Stadt Luzern treu und lassen sich auch unter dem Jahr nicht engagieren.<\/p>\n<p>Und wie in alten Zeiten, sind es auch heute noch die sch\u00f6nen, alten M\u00e4rsche, die mit Begeisterung geblasen, getrommelt, gepauckt und gesaxt werden, derweil die Lyras und die Klarinetten f\u00fcr feine Zwischent\u00f6ne sorgen. Schliesslich ist sie aber auch Experimenten nicht abgeneigt. So spielte sie im Jubil\u00e4umsjahr 2005, anl\u00e4sslich des traditionellen Konzerts der \u00e4ltesten Guuggenmusigen im \u201eStadtkeller\u201c, ein eigens komponiertes St\u00fcck zusammen mit den Trommlern und Pfeiffern des Tambourenvereins. 2006 gl\u00e4nzte die Boh\u00e8me am selben Ort mit dem Auftritt \u201eBoh\u00e8me in Concert\u201c zusammen mit zwei Geigenvirtuosen und einem Akkordeonisten. Dabei wurde das sch\u00f6ne St\u00fcck \u201eWien bleibt Wien\u201c von den Stadtkeller-G\u00e4sten mit begeistertem Applaus bedacht. Schliesslich bereicherte 2007 ein Fl\u00f6tistinnen-Quartett am Schmutzigen Donnerstag im \u201eStadtkeller\u201c den Auftritt der Boh\u00e8me-Musiger mit klassischen und l\u00fcpfigen Weisen, was von den G\u00e4sten wiederum mit viel Begeisterung aufgenommen wurde.<\/p>\n<p>\u00dcbrigens, das erste Mal in ihrer Geschichte marschiert die Boh\u00e8me seit 2006 mit einer \u201eTambourmajorin\u201c an der Spitze. Dabei handelt es sich um Sabina Koch, der Tochter des Musig-Gr\u00fcnders Bruno Koch \u2013 eine bemerkenswerte, aber sympathische Neuerung! Die Boh\u00e8me wurde zwar bereits 1950 gegr\u00fcndet, sie bleibt aber jung und dynamisch! Vive la Boh\u00e8me, vives les Boh\u00e8miennes, vives les Boh\u00e8miens!<\/p>\n<p>Lorenz Fischer \/ Januar 2008<\/p>\n","protected":false},"excerpt":{"rendered":"<p>Boh\u00e8me \u2013 erfreut seit 1950 Gr\u00fcndung und Gr\u00fcnder 1950 (als  [&#8230;]<\/p>\n","protected":false},"author":2,"featured_media":0,"parent":548,"menu_order":0,"comment_status":"closed","ping_status":"closed","template":"","meta":{"ngg_post_thumbnail":0,"jetpack_post_was_ever_published":false,"footnotes":""},"class_list":["post-448","page","type-page","status-publish","hentry"],"yoast_head":"<!-- This site is optimized with the Yoast SEO plugin v27.4 - https:\/\/yoast.com\/product\/yoast-seo-wordpress\/ -->\n<title>Geschichte - Boh\u00e8me Musig Loz\u00e4rn<\/title>\n<meta name=\"robots\" content=\"index, follow, max-snippet:-1, max-image-preview:large, max-video-preview:-1\" \/>\n<link rel=\"canonical\" href=\"https:\/\/boheme-luzern.ch\/index.php\/ueber-uns\/unsere-geschichte-2\/\" \/>\n<meta property=\"og:locale\" content=\"de_DE\" \/>\n<meta property=\"og:type\" content=\"article\" \/>\n<meta property=\"og:title\" content=\"Geschichte - Boh\u00e8me Musig Loz\u00e4rn\" \/>\n<meta property=\"og:description\" content=\"Boh\u00e8me \u2013 erfreut seit 1950 Gr\u00fcndung und Gr\u00fcnder 1950 (als [...]\" \/>\n<meta property=\"og:url\" content=\"https:\/\/boheme-luzern.ch\/index.php\/ueber-uns\/unsere-geschichte-2\/\" \/>\n<meta property=\"og:site_name\" content=\"Boh\u00e8me Musig Loz\u00e4rn\" \/>\n<meta property=\"article:publisher\" content=\"https:\/\/de-de.facebook.com\/BohemeLuzern\/\" \/>\n<meta property=\"article:modified_time\" content=\"2020-03-01T14:54:44+00:00\" \/>\n<meta name=\"twitter:card\" content=\"summary_large_image\" \/>\n<meta name=\"twitter:label1\" content=\"Gesch\u00e4tzte Lesezeit\" \/>\n\t<meta name=\"twitter:data1\" content=\"4\u00a0Minuten\" \/>\n<script type=\"application\/ld+json\" class=\"yoast-schema-graph\">{\"@context\":\"https:\\\/\\\/schema.org\",\"@graph\":[{\"@type\":\"WebPage\",\"@id\":\"https:\\\/\\\/boheme-luzern.ch\\\/index.php\\\/ueber-uns\\\/unsere-geschichte-2\\\/\",\"url\":\"https:\\\/\\\/boheme-luzern.ch\\\/index.php\\\/ueber-uns\\\/unsere-geschichte-2\\\/\",\"name\":\"Geschichte - Boh\u00e8me Musig Loz\u00e4rn\",\"isPartOf\":{\"@id\":\"https:\\\/\\\/boheme-luzern.ch\\\/#website\"},\"datePublished\":\"2018-01-16T12:46:06+00:00\",\"dateModified\":\"2020-03-01T14:54:44+00:00\",\"breadcrumb\":{\"@id\":\"https:\\\/\\\/boheme-luzern.ch\\\/index.php\\\/ueber-uns\\\/unsere-geschichte-2\\\/#breadcrumb\"},\"inLanguage\":\"de\",\"potentialAction\":[{\"@type\":\"ReadAction\",\"target\":[\"https:\\\/\\\/boheme-luzern.ch\\\/index.php\\\/ueber-uns\\\/unsere-geschichte-2\\\/\"]}]},{\"@type\":\"BreadcrumbList\",\"@id\":\"https:\\\/\\\/boheme-luzern.ch\\\/index.php\\\/ueber-uns\\\/unsere-geschichte-2\\\/#breadcrumb\",\"itemListElement\":[{\"@type\":\"ListItem\",\"position\":1,\"name\":\"Startseite\",\"item\":\"https:\\\/\\\/boheme-luzern.ch\\\/\"},{\"@type\":\"ListItem\",\"position\":2,\"name\":\"\u00dcber uns\",\"item\":\"https:\\\/\\\/boheme-luzern.ch\\\/index.php\\\/ueber-uns\\\/\"},{\"@type\":\"ListItem\",\"position\":3,\"name\":\"Geschichte\"}]},{\"@type\":\"WebSite\",\"@id\":\"https:\\\/\\\/boheme-luzern.ch\\\/#website\",\"url\":\"https:\\\/\\\/boheme-luzern.ch\\\/\",\"name\":\"Boh\u00e8me Musig Loz\u00e4rn\",\"description\":\"\",\"publisher\":{\"@id\":\"https:\\\/\\\/boheme-luzern.ch\\\/#organization\"},\"potentialAction\":[{\"@type\":\"SearchAction\",\"target\":{\"@type\":\"EntryPoint\",\"urlTemplate\":\"https:\\\/\\\/boheme-luzern.ch\\\/?s={search_term_string}\"},\"query-input\":{\"@type\":\"PropertyValueSpecification\",\"valueRequired\":true,\"valueName\":\"search_term_string\"}}],\"inLanguage\":\"de\"},{\"@type\":\"Organization\",\"@id\":\"https:\\\/\\\/boheme-luzern.ch\\\/#organization\",\"name\":\"Boh\u00e8me Musig Loz\u00e4rn\",\"url\":\"https:\\\/\\\/boheme-luzern.ch\\\/\",\"logo\":{\"@type\":\"ImageObject\",\"inLanguage\":\"de\",\"@id\":\"https:\\\/\\\/boheme-luzern.ch\\\/#\\\/schema\\\/logo\\\/image\\\/\",\"url\":\"https:\\\/\\\/i2.wp.com\\\/boheme-luzern.ch\\\/wp-content\\\/uploads\\\/2018\\\/04\\\/logo_boheme_transparent.gif?fit=97%2C68&ssl=1\",\"contentUrl\":\"https:\\\/\\\/i2.wp.com\\\/boheme-luzern.ch\\\/wp-content\\\/uploads\\\/2018\\\/04\\\/logo_boheme_transparent.gif?fit=97%2C68&ssl=1\",\"width\":97,\"height\":68,\"caption\":\"Boh\u00e8me Musig Loz\u00e4rn\"},\"image\":{\"@id\":\"https:\\\/\\\/boheme-luzern.ch\\\/#\\\/schema\\\/logo\\\/image\\\/\"},\"sameAs\":[\"https:\\\/\\\/de-de.facebook.com\\\/BohemeLuzern\\\/\"]}]}<\/script>\n<!-- \/ Yoast SEO plugin. -->","yoast_head_json":{"title":"Geschichte - Boh\u00e8me Musig Loz\u00e4rn","robots":{"index":"index","follow":"follow","max-snippet":"max-snippet:-1","max-image-preview":"max-image-preview:large","max-video-preview":"max-video-preview:-1"},"canonical":"https:\/\/boheme-luzern.ch\/index.php\/ueber-uns\/unsere-geschichte-2\/","og_locale":"de_DE","og_type":"article","og_title":"Geschichte - Boh\u00e8me Musig Loz\u00e4rn","og_description":"Boh\u00e8me \u2013 erfreut seit 1950 Gr\u00fcndung und Gr\u00fcnder 1950 (als [...]","og_url":"https:\/\/boheme-luzern.ch\/index.php\/ueber-uns\/unsere-geschichte-2\/","og_site_name":"Boh\u00e8me Musig Loz\u00e4rn","article_publisher":"https:\/\/de-de.facebook.com\/BohemeLuzern\/","article_modified_time":"2020-03-01T14:54:44+00:00","twitter_card":"summary_large_image","twitter_misc":{"Gesch\u00e4tzte Lesezeit":"4\u00a0Minuten"},"schema":{"@context":"https:\/\/schema.org","@graph":[{"@type":"WebPage","@id":"https:\/\/boheme-luzern.ch\/index.php\/ueber-uns\/unsere-geschichte-2\/","url":"https:\/\/boheme-luzern.ch\/index.php\/ueber-uns\/unsere-geschichte-2\/","name":"Geschichte - Boh\u00e8me Musig Loz\u00e4rn","isPartOf":{"@id":"https:\/\/boheme-luzern.ch\/#website"},"datePublished":"2018-01-16T12:46:06+00:00","dateModified":"2020-03-01T14:54:44+00:00","breadcrumb":{"@id":"https:\/\/boheme-luzern.ch\/index.php\/ueber-uns\/unsere-geschichte-2\/#breadcrumb"},"inLanguage":"de","potentialAction":[{"@type":"ReadAction","target":["https:\/\/boheme-luzern.ch\/index.php\/ueber-uns\/unsere-geschichte-2\/"]}]},{"@type":"BreadcrumbList","@id":"https:\/\/boheme-luzern.ch\/index.php\/ueber-uns\/unsere-geschichte-2\/#breadcrumb","itemListElement":[{"@type":"ListItem","position":1,"name":"Startseite","item":"https:\/\/boheme-luzern.ch\/"},{"@type":"ListItem","position":2,"name":"\u00dcber uns","item":"https:\/\/boheme-luzern.ch\/index.php\/ueber-uns\/"},{"@type":"ListItem","position":3,"name":"Geschichte"}]},{"@type":"WebSite","@id":"https:\/\/boheme-luzern.ch\/#website","url":"https:\/\/boheme-luzern.ch\/","name":"Boh\u00e8me Musig Loz\u00e4rn","description":"","publisher":{"@id":"https:\/\/boheme-luzern.ch\/#organization"},"potentialAction":[{"@type":"SearchAction","target":{"@type":"EntryPoint","urlTemplate":"https:\/\/boheme-luzern.ch\/?s={search_term_string}"},"query-input":{"@type":"PropertyValueSpecification","valueRequired":true,"valueName":"search_term_string"}}],"inLanguage":"de"},{"@type":"Organization","@id":"https:\/\/boheme-luzern.ch\/#organization","name":"Boh\u00e8me Musig Loz\u00e4rn","url":"https:\/\/boheme-luzern.ch\/","logo":{"@type":"ImageObject","inLanguage":"de","@id":"https:\/\/boheme-luzern.ch\/#\/schema\/logo\/image\/","url":"https:\/\/i2.wp.com\/boheme-luzern.ch\/wp-content\/uploads\/2018\/04\/logo_boheme_transparent.gif?fit=97%2C68&ssl=1","contentUrl":"https:\/\/i2.wp.com\/boheme-luzern.ch\/wp-content\/uploads\/2018\/04\/logo_boheme_transparent.gif?fit=97%2C68&ssl=1","width":97,"height":68,"caption":"Boh\u00e8me Musig Loz\u00e4rn"},"image":{"@id":"https:\/\/boheme-luzern.ch\/#\/schema\/logo\/image\/"},"sameAs":["https:\/\/de-de.facebook.com\/BohemeLuzern\/"]}]}},"jetpack_sharing_enabled":true,"jetpack_shortlink":"https:\/\/wp.me\/P9zzpd-7e","jetpack_likes_enabled":true,"jetpack-related-posts":[],"_links":{"self":[{"href":"https:\/\/boheme-luzern.ch\/index.php\/wp-json\/wp\/v2\/pages\/448","targetHints":{"allow":["GET"]}}],"collection":[{"href":"https:\/\/boheme-luzern.ch\/index.php\/wp-json\/wp\/v2\/pages"}],"about":[{"href":"https:\/\/boheme-luzern.ch\/index.php\/wp-json\/wp\/v2\/types\/page"}],"author":[{"embeddable":true,"href":"https:\/\/boheme-luzern.ch\/index.php\/wp-json\/wp\/v2\/users\/2"}],"replies":[{"embeddable":true,"href":"https:\/\/boheme-luzern.ch\/index.php\/wp-json\/wp\/v2\/comments?post=448"}],"version-history":[{"count":8,"href":"https:\/\/boheme-luzern.ch\/index.php\/wp-json\/wp\/v2\/pages\/448\/revisions"}],"predecessor-version":[{"id":1950,"href":"https:\/\/boheme-luzern.ch\/index.php\/wp-json\/wp\/v2\/pages\/448\/revisions\/1950"}],"up":[{"embeddable":true,"href":"https:\/\/boheme-luzern.ch\/index.php\/wp-json\/wp\/v2\/pages\/548"}],"wp:attachment":[{"href":"https:\/\/boheme-luzern.ch\/index.php\/wp-json\/wp\/v2\/media?parent=448"}],"curies":[{"name":"wp","href":"https:\/\/api.w.org\/{rel}","templated":true}]}}