{"id":586,"date":"2018-01-25T22:14:51","date_gmt":"2018-01-25T22:14:51","guid":{"rendered":"https:\/\/boheme-luzern.ch\/?page_id=586"},"modified":"2024-01-18T09:57:46","modified_gmt":"2024-01-18T09:57:46","slug":"aus-unserem-archiv","status":"publish","type":"page","link":"https:\/\/boheme-luzern.ch\/index.php\/ueber-uns\/aus-unserem-archiv\/","title":{"rendered":"Online-Medien"},"content":{"rendered":"<h1><strong>Videos<\/strong><\/h1>\n<p><span style=\"color: #0000ff;\"><a style=\"color: #0000ff;\" href=\"https:\/\/www.youtube.com\/watch?v=bbF51PS8mLs\" target=\"_blank\" rel=\"noopener noreferrer\"><strong>Boh\u00e8me alte Zeiten<\/strong><\/a><\/span><br \/>\nyoutube<\/p>\n<p><span style=\"color: #0000ff;\"><a style=\"color: #0000ff;\" href=\"https:\/\/www.youtube.com\/watch?time_continue=6&amp;v=W19cxLBXsHY\" target=\"_blank\" rel=\"noopener noreferrer\"><strong>Boh\u00e8me diverses<\/strong><\/a><\/span><br \/>\nyoutube<\/p>\n<p><strong><a href=\"https:\/\/www.srf.ch\/play\/tv\/schweiz-aktuell\/video\/fasnacht-und-poldi-haefliger?id=14f883c7-a332-48a6-a32d-5a21db9f3d4c\" target=\"_blank\" rel=\"noopener noreferrer\"><span style=\"color: #0000ff;\">Fasnacht und P\u00f6ldi H\u00e4fliger<\/span><\/a><br \/>\n<\/strong>Schweiz aktuell vom 27. Februar 1992<\/p>\n<p><a href=\"https:\/\/www.youtube.com\/watch?time_continue=568&amp;v=GuFnkiaoVU4\" target=\"_blank\" rel=\"noopener noreferrer\"><strong><span style=\"color: #0000ff;\">Boh\u00e8me Stadtkeller 1995<\/span><\/strong><\/a><br \/>\nyoutube<\/p>\n<p><span style=\"color: #0000ff;\"><a style=\"color: #0000ff;\" href=\"https:\/\/www.youtube.com\/watch?time_continue=11&amp;v=VSHHd_Xcrrw\" target=\"_blank\" rel=\"noopener noreferrer\"><strong>Boh\u00e8me Musig Loz\u00e4rn 2012<\/strong><\/a><\/span><br \/>\nyoutube<\/p>\n<p><span style=\"color: #0000ff;\"><strong><a style=\"color: #0000ff;\" href=\"https:\/\/youtu.be\/nLfF3hbGr3E\" target=\"_blank\" rel=\"noopener noreferrer\">Luzerner Fasnacht 2012 &#8211; Schmutziger Donnerstag<\/a><\/strong><\/span><br \/>\nyoutube<\/p>\n<p><a href=\"https:\/\/www.youtube.com\/watch?v=ypoiayD3hOw\" target=\"_blank\" rel=\"noopener noreferrer\"><strong><span style=\"color: #0000ff;\">Boh\u00e8me am Monsterkonzert 2012<\/span><\/strong><\/a><br \/>\nTele1 -Boh\u00e8me-Auftritt &#8211; 24:10 bis 25:50<\/p>\n<p><span style=\"color: #0000ff;\"><strong><a style=\"color: #0000ff;\" href=\"https:\/\/www.youtube.com\/watch?v=JM0vvvtSQzs\" target=\"_blank\" rel=\"noopener noreferrer\">Boh\u00e8me am Monsterkonzert 2013<\/a><\/strong><\/span><br \/>\nTele1 &#8211; Boh\u00e8me-Auftritt &#8211; 33:30 bis 35:10<\/p>\n<p><strong><a href=\"https:\/\/www.youtube.com\/watch?v=7Zhp0PtH_0g\" target=\"_blank\" rel=\"noopener noreferrer\"><span style=\"color: #0000ff;\">Boh\u00e8me am Monsterkonzert 2014<\/span><\/a><\/strong><br \/>\nTele1 -Boh\u00e8me-Auftritt &#8211; 22:57 bis 24:51<\/p>\n<p><strong><span style=\"color: #0000ff;\"><a style=\"color: #0000ff;\" href=\"https:\/\/www.youtube.com\/watch?time_continue=2&amp;v=IfO0AsVUmN8\" target=\"_blank\" rel=\"noopener noreferrer\">Boh\u00e8me 2015<\/a><\/span><br \/>\n<\/strong>youtube \/ Video von Markus Frey<\/p>\n<p><span style=\"color: #0000ff;\"><a style=\"color: #0000ff;\" href=\"https:\/\/www.youtube.com\/watch?v=9Hb29uqTeA0\" target=\"_blank\" rel=\"noopener noreferrer\"><strong>Boh\u00e8me am Monsterkonzert 2015<\/strong><\/a><\/span><br \/>\nTele1 -Boh\u00e8me-Auftritt &#8211; 55:04 bis 56:30<\/p>\n<p><a href=\"https:\/\/www.youtube.com\/watch?v=nyWE7MVM-nQ\" target=\"_blank\" rel=\"noopener noreferrer\"><strong><span style=\"color: #0000ff;\">Boh\u00e8me am Monsterkonzert 2016<\/span><\/strong><\/a><br \/>\nTele1 &#8211; Boh\u00e8me-Auftritt &#8211; 16:38 bis 18:17<\/p>\n<p><span style=\"color: #0000ff;\"><strong><a style=\"color: #0000ff;\" href=\"https:\/\/www.youtube.com\/watch?v=PGz9cxDcXa8&amp;t=19s\" target=\"_blank\" rel=\"noopener noreferrer\">Boh\u00e8me am Monsterkonzert 2017<\/a><\/strong><\/span><br \/>\nTele1 &#8211; Boh\u00e8me-Auftritt &#8211; 22:27 bis 24:45<\/p>\n<p><span style=\"color: #0000ff;\"><a style=\"color: #0000ff;\" href=\"https:\/\/www.youtube.com\/watch?v=HRn9NcduyyE\" target=\"_blank\" rel=\"noopener noreferrer\"><strong>Boh\u00e8me am Schmutzigen Donnerstag (8.2.2018)<\/strong><\/a><\/span><br \/>\n<span style=\"font-family: -apple-system, BlinkMacSystemFont, 'Segoe UI', Roboto, Oxygen-Sans, Ubuntu, Cantarell, 'Helvetica Neue', sans-serif;\">youtube \/ Video von Ruedi Suter<\/span><\/p>\n<p><a href=\"https:\/\/youtu.be\/YYUdwLOEtxs\" target=\"_blank\" rel=\"noopener noreferrer\"><span style=\"color: #0000ff;\"><strong>G\u00f6nnerap\u00e9ro 2018 im Wilden Mann in Luzern (13.2.2018)<\/strong><\/span><br \/>\n<\/a><span style=\"font-family: -apple-system, BlinkMacSystemFont, 'Segoe UI', Roboto, Oxygen-Sans, Ubuntu, Cantarell, 'Helvetica Neue', sans-serif;\">youtube \/ Video von Sereina<\/span><\/p>\n<p><a href=\"https:\/\/www.youtube.com\/watch?v=2OgcJwbUEj0\" target=\"_blank\" rel=\"noopener noreferrer\"><span style=\"color: #0000ff;\"><strong>Boh\u00e8me am<\/strong><\/span><strong><span style=\"color: #0000ff;\"> Monsterkonzert 2018<\/span><br \/>\n<\/strong><\/a>Tele1 &#8211; Boh\u00e8me-Auftritt &#8211; 26:24 bis 30:09<\/p>\n<p><span style=\"color: #0000ff;\"><a style=\"color: #0000ff;\" href=\"https:\/\/www.youtube.com\/watch?v=1sCdwJP_ivs\" target=\"_blank\" rel=\"noopener noreferrer\"><strong>Boh\u00e8me am Monsterkonzert 2019<\/strong><\/a><\/span><br \/>\nTele 1 &#8211; Boh\u00e8me-Auftritt &#8211; 1:09:45 bis 1:11:54<\/p>\n<p><span style=\"color: #0000ff;\"><a style=\"color: #0000ff;\" href=\"https:\/\/www.20min.ch\/schweiz\/zentralschweiz\/story\/Jetzt-feiern-hunderte-Monster-nochmals-voll-ab-12169658\" target=\"_blank\" rel=\"noopener noreferrer\"><strong>Monstr\u00f6ser Abschluss der Fasnacht in Luzern 2019<\/strong><\/a><\/span><br \/>\n20min &#8211; Boh\u00e8me-Auftritt &#8211; 55:39 bis 57:05<\/p>\n<p><span style=\"color: #0000ff;\"><a style=\"color: #0000ff;\" href=\"https:\/\/www.srf.ch\/news\/regional\/zentralschweiz\/70-jahre-boheme-musig-lozaern-von-der-triangelspielerin-zur-tambourmajorin\" target=\"_blank\" rel=\"noopener noreferrer\"><strong>Unterwegs mit der Boh\u00e8me-Musig Luzern<\/strong><\/a><\/span><br \/>\nRegionaljournal Zentralschweiz vom 20. Februar 2020<\/p>\n<p><span style=\"color: #0000ff;\"><strong><a style=\"color: #0000ff;\" href=\"https:\/\/www.youtube.com\/watch?v=mqVp2cTXfAw\" target=\"_blank\" rel=\"noopener noreferrer\">Boh\u00e8me Musig Loz\u00e4rn feiert ihren 70. Geburtstag &#8211; in der Altstadt Loz\u00e4rn<\/a><\/strong><\/span><br \/>\nyoutube.com<\/p>\n<p><strong><a href=\"https:\/\/www.20min.ch\/schweiz\/zentralschweiz\/story\/Hier-ist-das-Monstercorso-in-voller-Laenge-zu-sehen-20990593\" target=\"_blank\" rel=\"noopener noreferrer\"><span style=\"color: #0000ff;\">Boh\u00e8me am Monsterkonzert 2020<\/span><\/a><br \/>\n<\/strong>20min &#8211; Boh\u00e8me-Auftritt &#8211; 17:20 bis 19:32<strong><br \/>\n<\/strong><\/p>\n<p><span style=\"color: #0000ff;\"><a style=\"color: #0000ff;\" href=\"https:\/\/www.youtube.com\/watch?v=W_ydo33-1II\" target=\"_blank\" rel=\"noopener noreferrer\"><strong>Boh\u00e8me am Monsterkonzert 2020<\/strong><\/a><\/span><br \/>\nTele1 &#8211; Boh\u00e8me-Auftritt &#8211; 29:10 bis 30:40<\/p>\n<p>&nbsp;<\/p>\n<p>&nbsp;<\/p>\n<p>&nbsp;<\/p>\n","protected":false},"excerpt":{"rendered":"<p>Videos Boh\u00e8me alte Zeiten youtube Boh\u00e8me diverses youtube Fasnacht und  [&#8230;]<\/p>\n","protected":false},"author":2,"featured_media":0,"parent":548,"menu_order":0,"comment_status":"closed","ping_status":"closed","template":"","meta":{"ngg_post_thumbnail":0,"jetpack_post_was_ever_published":false,"footnotes":""},"class_list":["post-586","page","type-page","status-publish","hentry"],"yoast_head":"<!-- This site is optimized with the Yoast SEO plugin v27.4 - https:\/\/yoast.com\/product\/yoast-seo-wordpress\/ -->\n<title>Online-Medien - Boh\u00e8me Musig Loz\u00e4rn<\/title>\n<meta name=\"robots\" content=\"index, follow, max-snippet:-1, max-image-preview:large, max-video-preview:-1\" \/>\n<link rel=\"canonical\" href=\"https:\/\/boheme-luzern.ch\/index.php\/ueber-uns\/aus-unserem-archiv\/\" \/>\n<meta property=\"og:locale\" content=\"de_DE\" \/>\n<meta property=\"og:type\" content=\"article\" \/>\n<meta property=\"og:title\" content=\"Online-Medien - Boh\u00e8me Musig Loz\u00e4rn\" \/>\n<meta property=\"og:description\" content=\"Videos Boh\u00e8me alte Zeiten youtube Boh\u00e8me diverses youtube Fasnacht und [...]\" \/>\n<meta property=\"og:url\" content=\"https:\/\/boheme-luzern.ch\/index.php\/ueber-uns\/aus-unserem-archiv\/\" \/>\n<meta property=\"og:site_name\" content=\"Boh\u00e8me Musig Loz\u00e4rn\" \/>\n<meta property=\"article:publisher\" content=\"https:\/\/de-de.facebook.com\/BohemeLuzern\/\" \/>\n<meta property=\"article:modified_time\" content=\"2024-01-18T09:57:46+00:00\" \/>\n<meta name=\"twitter:card\" content=\"summary_large_image\" \/>\n<meta name=\"twitter:label1\" content=\"Gesch\u00e4tzte Lesezeit\" \/>\n\t<meta name=\"twitter:data1\" content=\"2\u00a0Minuten\" \/>\n<script type=\"application\/ld+json\" class=\"yoast-schema-graph\">{\"@context\":\"https:\\\/\\\/schema.org\",\"@graph\":[{\"@type\":\"WebPage\",\"@id\":\"https:\\\/\\\/boheme-luzern.ch\\\/index.php\\\/ueber-uns\\\/aus-unserem-archiv\\\/\",\"url\":\"https:\\\/\\\/boheme-luzern.ch\\\/index.php\\\/ueber-uns\\\/aus-unserem-archiv\\\/\",\"name\":\"Online-Medien - Boh\u00e8me Musig Loz\u00e4rn\",\"isPartOf\":{\"@id\":\"https:\\\/\\\/boheme-luzern.ch\\\/#website\"},\"datePublished\":\"2018-01-25T22:14:51+00:00\",\"dateModified\":\"2024-01-18T09:57:46+00:00\",\"breadcrumb\":{\"@id\":\"https:\\\/\\\/boheme-luzern.ch\\\/index.php\\\/ueber-uns\\\/aus-unserem-archiv\\\/#breadcrumb\"},\"inLanguage\":\"de\",\"potentialAction\":[{\"@type\":\"ReadAction\",\"target\":[\"https:\\\/\\\/boheme-luzern.ch\\\/index.php\\\/ueber-uns\\\/aus-unserem-archiv\\\/\"]}]},{\"@type\":\"BreadcrumbList\",\"@id\":\"https:\\\/\\\/boheme-luzern.ch\\\/index.php\\\/ueber-uns\\\/aus-unserem-archiv\\\/#breadcrumb\",\"itemListElement\":[{\"@type\":\"ListItem\",\"position\":1,\"name\":\"Startseite\",\"item\":\"https:\\\/\\\/boheme-luzern.ch\\\/\"},{\"@type\":\"ListItem\",\"position\":2,\"name\":\"\u00dcber uns\",\"item\":\"https:\\\/\\\/boheme-luzern.ch\\\/index.php\\\/ueber-uns\\\/\"},{\"@type\":\"ListItem\",\"position\":3,\"name\":\"Online-Medien\"}]},{\"@type\":\"WebSite\",\"@id\":\"https:\\\/\\\/boheme-luzern.ch\\\/#website\",\"url\":\"https:\\\/\\\/boheme-luzern.ch\\\/\",\"name\":\"Boh\u00e8me Musig Loz\u00e4rn\",\"description\":\"\",\"publisher\":{\"@id\":\"https:\\\/\\\/boheme-luzern.ch\\\/#organization\"},\"potentialAction\":[{\"@type\":\"SearchAction\",\"target\":{\"@type\":\"EntryPoint\",\"urlTemplate\":\"https:\\\/\\\/boheme-luzern.ch\\\/?s={search_term_string}\"},\"query-input\":{\"@type\":\"PropertyValueSpecification\",\"valueRequired\":true,\"valueName\":\"search_term_string\"}}],\"inLanguage\":\"de\"},{\"@type\":\"Organization\",\"@id\":\"https:\\\/\\\/boheme-luzern.ch\\\/#organization\",\"name\":\"Boh\u00e8me Musig Loz\u00e4rn\",\"url\":\"https:\\\/\\\/boheme-luzern.ch\\\/\",\"logo\":{\"@type\":\"ImageObject\",\"inLanguage\":\"de\",\"@id\":\"https:\\\/\\\/boheme-luzern.ch\\\/#\\\/schema\\\/logo\\\/image\\\/\",\"url\":\"https:\\\/\\\/i2.wp.com\\\/boheme-luzern.ch\\\/wp-content\\\/uploads\\\/2018\\\/04\\\/logo_boheme_transparent.gif?fit=97%2C68&ssl=1\",\"contentUrl\":\"https:\\\/\\\/i2.wp.com\\\/boheme-luzern.ch\\\/wp-content\\\/uploads\\\/2018\\\/04\\\/logo_boheme_transparent.gif?fit=97%2C68&ssl=1\",\"width\":97,\"height\":68,\"caption\":\"Boh\u00e8me Musig Loz\u00e4rn\"},\"image\":{\"@id\":\"https:\\\/\\\/boheme-luzern.ch\\\/#\\\/schema\\\/logo\\\/image\\\/\"},\"sameAs\":[\"https:\\\/\\\/de-de.facebook.com\\\/BohemeLuzern\\\/\"]}]}<\/script>\n<!-- \/ Yoast SEO plugin. -->","yoast_head_json":{"title":"Online-Medien - Boh\u00e8me Musig Loz\u00e4rn","robots":{"index":"index","follow":"follow","max-snippet":"max-snippet:-1","max-image-preview":"max-image-preview:large","max-video-preview":"max-video-preview:-1"},"canonical":"https:\/\/boheme-luzern.ch\/index.php\/ueber-uns\/aus-unserem-archiv\/","og_locale":"de_DE","og_type":"article","og_title":"Online-Medien - Boh\u00e8me Musig Loz\u00e4rn","og_description":"Videos Boh\u00e8me alte Zeiten youtube Boh\u00e8me diverses youtube Fasnacht und [...]","og_url":"https:\/\/boheme-luzern.ch\/index.php\/ueber-uns\/aus-unserem-archiv\/","og_site_name":"Boh\u00e8me Musig Loz\u00e4rn","article_publisher":"https:\/\/de-de.facebook.com\/BohemeLuzern\/","article_modified_time":"2024-01-18T09:57:46+00:00","twitter_card":"summary_large_image","twitter_misc":{"Gesch\u00e4tzte Lesezeit":"2\u00a0Minuten"},"schema":{"@context":"https:\/\/schema.org","@graph":[{"@type":"WebPage","@id":"https:\/\/boheme-luzern.ch\/index.php\/ueber-uns\/aus-unserem-archiv\/","url":"https:\/\/boheme-luzern.ch\/index.php\/ueber-uns\/aus-unserem-archiv\/","name":"Online-Medien - Boh\u00e8me Musig Loz\u00e4rn","isPartOf":{"@id":"https:\/\/boheme-luzern.ch\/#website"},"datePublished":"2018-01-25T22:14:51+00:00","dateModified":"2024-01-18T09:57:46+00:00","breadcrumb":{"@id":"https:\/\/boheme-luzern.ch\/index.php\/ueber-uns\/aus-unserem-archiv\/#breadcrumb"},"inLanguage":"de","potentialAction":[{"@type":"ReadAction","target":["https:\/\/boheme-luzern.ch\/index.php\/ueber-uns\/aus-unserem-archiv\/"]}]},{"@type":"BreadcrumbList","@id":"https:\/\/boheme-luzern.ch\/index.php\/ueber-uns\/aus-unserem-archiv\/#breadcrumb","itemListElement":[{"@type":"ListItem","position":1,"name":"Startseite","item":"https:\/\/boheme-luzern.ch\/"},{"@type":"ListItem","position":2,"name":"\u00dcber uns","item":"https:\/\/boheme-luzern.ch\/index.php\/ueber-uns\/"},{"@type":"ListItem","position":3,"name":"Online-Medien"}]},{"@type":"WebSite","@id":"https:\/\/boheme-luzern.ch\/#website","url":"https:\/\/boheme-luzern.ch\/","name":"Boh\u00e8me Musig Loz\u00e4rn","description":"","publisher":{"@id":"https:\/\/boheme-luzern.ch\/#organization"},"potentialAction":[{"@type":"SearchAction","target":{"@type":"EntryPoint","urlTemplate":"https:\/\/boheme-luzern.ch\/?s={search_term_string}"},"query-input":{"@type":"PropertyValueSpecification","valueRequired":true,"valueName":"search_term_string"}}],"inLanguage":"de"},{"@type":"Organization","@id":"https:\/\/boheme-luzern.ch\/#organization","name":"Boh\u00e8me Musig Loz\u00e4rn","url":"https:\/\/boheme-luzern.ch\/","logo":{"@type":"ImageObject","inLanguage":"de","@id":"https:\/\/boheme-luzern.ch\/#\/schema\/logo\/image\/","url":"https:\/\/i2.wp.com\/boheme-luzern.ch\/wp-content\/uploads\/2018\/04\/logo_boheme_transparent.gif?fit=97%2C68&ssl=1","contentUrl":"https:\/\/i2.wp.com\/boheme-luzern.ch\/wp-content\/uploads\/2018\/04\/logo_boheme_transparent.gif?fit=97%2C68&ssl=1","width":97,"height":68,"caption":"Boh\u00e8me Musig Loz\u00e4rn"},"image":{"@id":"https:\/\/boheme-luzern.ch\/#\/schema\/logo\/image\/"},"sameAs":["https:\/\/de-de.facebook.com\/BohemeLuzern\/"]}]}},"jetpack_sharing_enabled":true,"jetpack_shortlink":"https:\/\/wp.me\/P9zzpd-9s","jetpack_likes_enabled":true,"jetpack-related-posts":[],"_links":{"self":[{"href":"https:\/\/boheme-luzern.ch\/index.php\/wp-json\/wp\/v2\/pages\/586","targetHints":{"allow":["GET"]}}],"collection":[{"href":"https:\/\/boheme-luzern.ch\/index.php\/wp-json\/wp\/v2\/pages"}],"about":[{"href":"https:\/\/boheme-luzern.ch\/index.php\/wp-json\/wp\/v2\/types\/page"}],"author":[{"embeddable":true,"href":"https:\/\/boheme-luzern.ch\/index.php\/wp-json\/wp\/v2\/users\/2"}],"replies":[{"embeddable":true,"href":"https:\/\/boheme-luzern.ch\/index.php\/wp-json\/wp\/v2\/comments?post=586"}],"version-history":[{"count":83,"href":"https:\/\/boheme-luzern.ch\/index.php\/wp-json\/wp\/v2\/pages\/586\/revisions"}],"predecessor-version":[{"id":8450,"href":"https:\/\/boheme-luzern.ch\/index.php\/wp-json\/wp\/v2\/pages\/586\/revisions\/8450"}],"up":[{"embeddable":true,"href":"https:\/\/boheme-luzern.ch\/index.php\/wp-json\/wp\/v2\/pages\/548"}],"wp:attachment":[{"href":"https:\/\/boheme-luzern.ch\/index.php\/wp-json\/wp\/v2\/media?parent=586"}],"curies":[{"name":"wp","href":"https:\/\/api.w.org\/{rel}","templated":true}]}}