{"id":8457,"date":"2024-01-18T16:00:08","date_gmt":"2024-01-18T16:00:08","guid":{"rendered":"https:\/\/boheme-luzern.ch\/?page_id=8457"},"modified":"2024-03-18T11:01:18","modified_gmt":"2024-03-18T11:01:18","slug":"boheme-2024","status":"publish","type":"page","link":"https:\/\/boheme-luzern.ch\/index.php\/fotos\/boheme-2024\/","title":{"rendered":"Boh\u00e8me 2024"},"content":{"rendered":"<h1><strong>Fasnachtsprogramm 2024<\/strong><\/h1>\n<h3><strong><a href=\"https:\/\/boheme-luzern.ch\/wp-content\/uploads\/2024\/01\/Fasnachtsprogramm_2024_farbig.pdf\" target=\"_blank\" rel=\"noopener\"><span style=\"color: #0000ff;\">Fasnachtsprogramm_2024_farbig<\/span><\/a><\/strong><br \/>\n<strong>(pdf_Download)<br \/>\n&#8230;&#8230;&#8230;&#8230;&#8230;&#8230;&#8230;&#8230;&#8230;&#8230;&#8230;&#8230;&#8230;&#8230;&#8230;&#8230;&#8230;&#8230;&#8230;&#8230;&#8230;&#8230;&#8230;&#8230;&#8230;&#8230;&#8230;&#8230;&#8230;&#8230;&#8230;&#8230;&#8230;&#8230;&#8230;&#8230;&#8230;<\/strong><\/h3>\n<h1>Schmutziger Donnerstag<\/h1>\n<h3>Urknall SMUDO 2024 &#8211; 1<br \/>\n<a href=\"https:\/\/www.blick.ch\/video\/schoenste-szenen-im-video-hier-eroeffnet-der-urknall-die-luzerner-fasnacht-id19412682.html\" target=\"_blank\" rel=\"noopener\"><span style=\"color: #0000ff;\"><strong>Link zu youtube.com<\/strong><\/span><\/a><\/h3>\n<h3><strong>Tagwache SMUDO 2024 &#8211; 2<\/strong><br \/>\n<strong><a href=\"https:\/\/www.google.com\/search?q=smudo+2024+tagwache&amp;oq=SMUDO+2024&amp;gs_lcrp=EgZjaHJvbWUqBggEECMYJzIGCAAQRRg9MgYIARBFGDsyCAgCEEUYJxg7MgkIAxBFGDkYgAQyBggEECMYJzIGCAUQRRhAMgYIBhBFGD0yBggHEEUYPdIBCTEwMjUzajBqN6gCALACAA&amp;sourceid=chrome&amp;ie=UTF-8#fpstate=ive&amp;vld=cid:e8e901b9,vid:6E5wfyXr84M,st:0\" target=\"_blank\" rel=\"noopener\"><span style=\"color: #0000ff;\">Link zu youtube.com<\/span><\/a><\/strong><\/h3>\n<h3><strong>Tagwache SMUDO 2024 &#8211; 3<\/strong><br \/>\n<strong><span style=\"color: #0000ff;\"><a style=\"color: #0000ff;\" href=\"https:\/\/m.youtube.com\/watch?v=dQ-fy7Yy45g\" target=\"_blank\" rel=\"noopener\">Link zu youtube. com<\/a><\/span><\/strong><\/h3>\n<h3>Fr\u00fchst\u00fcck im Wilden Mann<br \/>\n<strong><span style=\"color: #0000ff;\">Link zu <a style=\"color: #0000ff;\" href=\"https:\/\/www.flickr.com\/photos\/freymarkus\/albums\/72177720314866989\" target=\"_blank\" rel=\"noopener\">&lt;flickr.com\/photos\/freymarkus&gt;<\/a><\/span><\/strong><\/h3>\n<h3><strong>Die alten 4<br \/>\n<\/strong><strong><span style=\"color: #0000ff;\">Link zu <a style=\"color: #0000ff;\" href=\"https:\/\/www.flickr.com\/photos\/freymarkus\/albums\/72177720314866904\/\" target=\"_blank\" rel=\"noopener\">&lt;flickr.com\/photos\/freymarkus&gt;<\/a><\/span><\/strong><\/h3>\n<h3><strong>Stadtkeller<br \/>\n<\/strong><strong><span style=\"color: #0000ff;\">Link zu <a style=\"color: #0000ff;\" href=\"https:\/\/www.flickr.com\/photos\/freymarkus\/albums\/72177720314848141\" target=\"_blank\" rel=\"noopener\">&lt;flickr.com\/photos\/freymarkus&gt;<\/a><\/span><\/strong><\/h3>\n<h3><strong><span style=\"color: #000000;\">Auftritt der Boh\u00e8me-Musig im Stadtkeller<\/span><\/strong><br \/>\n<a href=\"https:\/\/m.youtube.com\/watch?v=bETXaXiBl6Q\" target=\"_blank\" rel=\"noopener\"><span style=\"color: #0000ff;\"><strong>Link zu youtube.com<\/strong><\/span><\/a><\/h3>\n<p><strong>&#8230;&#8230;&#8230;&#8230;&#8230;&#8230;&#8230;&#8230;&#8230;&#8230;&#8230;&#8230;&#8230;&#8230;&#8230;&#8230;&#8230;&#8230;&#8230;&#8230;&#8230;&#8230;&#8230;&#8230;&#8230;&#8230;&#8230;&#8230;&#8230;&#8230;&#8230;&#8230;&#8230;&#8230;&#8230;&#8230;&#8230;&#8230;&#8230;&#8230;&#8230;&#8230;&#8230;<\/strong><\/p>\n<h1>Guggermesse in der Hofkirche Luzern (So 11. Februar 2024)<\/h1>\n<h3><strong>Guggermesse in der Hofkirche Luzern<br \/>\n<\/strong><strong><span style=\"color: #0000ff;\">Link zu <a style=\"color: #0000ff;\" href=\"https:\/\/www.flickr.com\/photos\/freymarkus\/albums\/72177720314874498\" target=\"_blank\" rel=\"noopener\">&lt;flickr.com\/photos\/freymarkus&gt;<\/a><\/span><\/strong><\/h3>\n<h3><a href=\"https:\/\/m.youtube.com\/watch?v=0lVyN1gjrRE\" target=\"_blank\" rel=\"noopener\"><strong><span style=\"color: #0000ff;\">Zusammenschnitt aller Videos von der Guggermesse 2024 in der Hofkirche Luzern.<\/span><\/strong><\/a><br \/>\nHerzlichen Dank f\u00fcr die vielen Zusendungen an mich von Videos per WhatsApp.<br \/>\nLink zu youtube.com<\/h3>\n<h3><strong>Link zurKatholischen Kirche Luzern <\/strong><strong>(Fasnacht von der besinnlichen Seite)<br \/>\n<\/strong><strong><a href=\"https:\/\/www.kathluzern.ch\/meine-kirche\/news\/artikel\/guggermesse-in-der-hofkirche-1\" target=\"_blank\" rel=\"noopener\"><span style=\"color: #0000ff;\">Guggermesse in der Hofkirche<\/span><\/a><\/strong><\/h3>\n<h3><strong><a href=\"https:\/\/boheme-luzern.ch\/wp-content\/uploads\/2024\/02\/Fasnachtspredigt_2024.pdf\" target=\"_blank\" rel=\"noopener\"><span style=\"color: #0000ff;\">Fasnachtspredigt_2024<\/span><\/a><br \/>\n(pdf-Download)&nbsp;<\/strong><\/h3>\n<h3><strong><span style=\"color: #0000ff;\"><a style=\"color: #0000ff;\" href=\"https:\/\/www.flickr.com\/photos\/freymarkus\/albums\/72177720314874498\" target=\"_blank\" rel=\"noopener\">&#8230;&#8230;&#8230;&#8230;&#8230;&#8230;&#8230;&#8230;&#8230;&#8230;&#8230;&#8230;&#8230;&#8230;&#8230;&#8230;&#8230;&#8230;&#8230;&#8230;&#8230;&#8230;&#8230;&#8230;&#8230;&#8230;&#8230;&#8230;&#8230;&#8230;&#8230;&#8230;&#8230;&#8230;&#8230;&#8230;&#8230;&#8230;&#8230;&#8230;&#8230;&#8230;&#8230;<\/a><\/span><\/strong><\/h3>\n<h1>G\u00fcdismontag<\/h1>\n<h3><strong>G\u00f6nnerapero im N\u00f6lliturm<br \/>\n<\/strong><a href=\"https:\/\/www.flickr.com\/photos\/freymarkus\/albums\/72177720314872111\/\" target=\"_blank\" rel=\"noopener\"><strong><span style=\"color: #0000ff;\">Link zu &lt;flickr.com\/photos\/freymarkus&gt;<\/span><\/strong><\/a><\/h3>\n<h3><strong><span style=\"color: #0000ff;\"><a style=\"color: #0000ff;\" href=\"https:\/\/www.flickr.com\/photos\/freymarkus\/albums\/72177720314874498\" target=\"_blank\" rel=\"noopener\">&#8230;&#8230;&#8230;&#8230;&#8230;&#8230;&#8230;&#8230;&#8230;&#8230;&#8230;&#8230;&#8230;&#8230;&#8230;&#8230;&#8230;&#8230;&#8230;&#8230;&#8230;&#8230;&#8230;&#8230;&#8230;&#8230;&#8230;&#8230;&#8230;&#8230;&#8230;&#8230;&#8230;&#8230;&#8230;&#8230;&#8230;&#8230;&#8230;&#8230;&#8230;&#8230;&#8230;<\/a><\/span><\/strong><\/h3>\n<h1><strong><span style=\"color: #0000ff;\"><span style=\"color: #000000;\">G\u00fcdisdienstag<\/span><\/span><\/strong><\/h1>\n<h3><span style=\"color: #000000;\"><strong>Apero im Hotel Schl\u00fcssel<\/strong><\/span><br \/>\n<span style=\"color: #0000ff;\"><a style=\"color: #0000ff;\" href=\"https:\/\/www.flickr.com\/photos\/freymarkus\/albums\/72177720314891795\" target=\"_blank\" rel=\"noopener\"><strong>Link zu &lt;flickr.com\/photos\/freymarkus&gt;<\/strong><\/a><\/span><\/h3>\n<h3><strong>Monstercorso in voller L\u00e4nge (Tele1)<br \/>\n<a href=\"https:\/\/www.tele1.ch\/fasnacht\/monstercorso-2024-die-ganze-live-sendung-156247716\" target=\"_blank\" rel=\"noopener\"><span style=\"color: #0000ff;\">Link zu tele1.ch<\/span><\/a><\/strong><\/h3>\n<h3><strong>Monstercorso &#8211; Boh\u00e8me-Auftritt &#8211; Ausschnitt aus Tele1-\u00dcbertragung<\/strong><br \/>\n<strong><a href=\"https:\/\/m.youtube.com\/watch?v=EkOzUG27SxE&amp;t=19s\" target=\"_blank\" rel=\"noopener\"><span style=\"color: #0000ff;\">Link zu youtube.com&nbsp;<\/span><\/a><\/strong><\/h3>\n<h3><strong><span style=\"color: #0000ff;\"><a style=\"color: #0000ff;\" href=\"https:\/\/www.flickr.com\/photos\/freymarkus\/albums\/72177720314874498\" target=\"_blank\" rel=\"noopener\">&#8230;&#8230;&#8230;&#8230;&#8230;&#8230;&#8230;&#8230;&#8230;&#8230;&#8230;&#8230;&#8230;&#8230;&#8230;&#8230;&#8230;&#8230;&#8230;&#8230;&#8230;&#8230;&#8230;&#8230;&#8230;&#8230;&#8230;&#8230;&#8230;&#8230;&#8230;&#8230;&#8230;&#8230;&#8230;&#8230;&#8230;&#8230;&#8230;&#8230;&#8230;&#8230;&#8230;<\/a><\/span><\/strong><\/h3>\n<h1>&nbsp;<\/h1>\n<p>&nbsp;<\/p>\n<h2>&nbsp;<\/h2>\n<h3><strong>&nbsp;<\/strong><\/h3>\n<h4><strong>&nbsp;<\/strong><\/h4>\n<p>&nbsp;<\/p>\n","protected":false},"excerpt":{"rendered":"<p>Fasnachtsprogramm 2024 Fasnachtsprogramm_2024_farbig (pdf_Download) &#8230;&#8230;&#8230;&#8230;&#8230;&#8230;&#8230;&#8230;&#8230;&#8230;&#8230;&#8230;&#8230;&#8230;&#8230;&#8230;&#8230;&#8230;&#8230;&#8230;&#8230;&#8230;&#8230;&#8230;&#8230;&#8230;&#8230;&#8230;&#8230;&#8230;&#8230;&#8230;&#8230;&#8230;&#8230;&#8230;&#8230; Schmutziger Donnerstag Urknall SMUDO 2024  [&#8230;]<\/p>\n","protected":false},"author":2,"featured_media":0,"parent":202,"menu_order":0,"comment_status":"closed","ping_status":"closed","template":"","meta":{"ngg_post_thumbnail":0,"footnotes":""},"class_list":["post-8457","page","type-page","status-publish","hentry"],"yoast_head":"<!-- This site is optimized with the Yoast SEO plugin v27.6 - https:\/\/yoast.com\/product\/yoast-seo-wordpress\/ -->\n<title>Boh\u00e8me 2024 - Boh\u00e8me Musig Loz\u00e4rn<\/title>\n<meta name=\"robots\" content=\"index, follow, max-snippet:-1, max-image-preview:large, max-video-preview:-1\" \/>\n<link rel=\"canonical\" href=\"https:\/\/boheme-luzern.ch\/index.php\/fotos\/boheme-2024\/\" \/>\n<meta property=\"og:locale\" content=\"de_DE\" \/>\n<meta property=\"og:type\" content=\"article\" \/>\n<meta property=\"og:title\" content=\"Boh\u00e8me 2024 - Boh\u00e8me Musig Loz\u00e4rn\" \/>\n<meta property=\"og:description\" content=\"Fasnachtsprogramm 2024 Fasnachtsprogramm_2024_farbig (pdf_Download) &#8230;&#8230;&#8230;&#8230;&#8230;&#8230;&#8230;&#8230;&#8230;&#8230;&#8230;&#8230;&#8230;&#8230;&#8230;&#8230;&#8230;&#8230;&#8230;&#8230;&#8230;&#8230;&#8230;&#8230;&#8230;&#8230;&#8230;&#8230;&#8230;&#8230;&#8230;&#8230;&#8230;&#8230;&#8230;&#8230;&#8230; Schmutziger Donnerstag Urknall SMUDO 2024 [...]\" \/>\n<meta property=\"og:url\" content=\"https:\/\/boheme-luzern.ch\/index.php\/fotos\/boheme-2024\/\" \/>\n<meta property=\"og:site_name\" content=\"Boh\u00e8me Musig Loz\u00e4rn\" \/>\n<meta property=\"article:publisher\" content=\"https:\/\/de-de.facebook.com\/BohemeLuzern\/\" \/>\n<meta property=\"article:modified_time\" content=\"2024-03-18T11:01:18+00:00\" \/>\n<meta name=\"twitter:card\" content=\"summary_large_image\" \/>\n<meta name=\"twitter:label1\" content=\"Gesch\u00e4tzte Lesezeit\" \/>\n\t<meta name=\"twitter:data1\" content=\"1\u00a0Minute\" \/>\n<script type=\"application\/ld+json\" class=\"yoast-schema-graph\">{\"@context\":\"https:\\\/\\\/schema.org\",\"@graph\":[{\"@type\":\"WebPage\",\"@id\":\"https:\\\/\\\/boheme-luzern.ch\\\/index.php\\\/fotos\\\/boheme-2024\\\/\",\"url\":\"https:\\\/\\\/boheme-luzern.ch\\\/index.php\\\/fotos\\\/boheme-2024\\\/\",\"name\":\"Boh\u00e8me 2024 - Boh\u00e8me Musig Loz\u00e4rn\",\"isPartOf\":{\"@id\":\"https:\\\/\\\/boheme-luzern.ch\\\/#website\"},\"datePublished\":\"2024-01-18T16:00:08+00:00\",\"dateModified\":\"2024-03-18T11:01:18+00:00\",\"breadcrumb\":{\"@id\":\"https:\\\/\\\/boheme-luzern.ch\\\/index.php\\\/fotos\\\/boheme-2024\\\/#breadcrumb\"},\"inLanguage\":\"de\",\"potentialAction\":[{\"@type\":\"ReadAction\",\"target\":[\"https:\\\/\\\/boheme-luzern.ch\\\/index.php\\\/fotos\\\/boheme-2024\\\/\"]}]},{\"@type\":\"BreadcrumbList\",\"@id\":\"https:\\\/\\\/boheme-luzern.ch\\\/index.php\\\/fotos\\\/boheme-2024\\\/#breadcrumb\",\"itemListElement\":[{\"@type\":\"ListItem\",\"position\":1,\"name\":\"Startseite\",\"item\":\"https:\\\/\\\/boheme-luzern.ch\\\/\"},{\"@type\":\"ListItem\",\"position\":2,\"name\":\"Fotos \\\/ Videos\",\"item\":\"https:\\\/\\\/boheme-luzern.ch\\\/index.php\\\/fotos\\\/\"},{\"@type\":\"ListItem\",\"position\":3,\"name\":\"Boh\u00e8me 2024\"}]},{\"@type\":\"WebSite\",\"@id\":\"https:\\\/\\\/boheme-luzern.ch\\\/#website\",\"url\":\"https:\\\/\\\/boheme-luzern.ch\\\/\",\"name\":\"Boh\u00e8me Musig Loz\u00e4rn\",\"description\":\"\",\"publisher\":{\"@id\":\"https:\\\/\\\/boheme-luzern.ch\\\/#organization\"},\"potentialAction\":[{\"@type\":\"SearchAction\",\"target\":{\"@type\":\"EntryPoint\",\"urlTemplate\":\"https:\\\/\\\/boheme-luzern.ch\\\/?s={search_term_string}\"},\"query-input\":{\"@type\":\"PropertyValueSpecification\",\"valueRequired\":true,\"valueName\":\"search_term_string\"}}],\"inLanguage\":\"de\"},{\"@type\":\"Organization\",\"@id\":\"https:\\\/\\\/boheme-luzern.ch\\\/#organization\",\"name\":\"Boh\u00e8me Musig Loz\u00e4rn\",\"url\":\"https:\\\/\\\/boheme-luzern.ch\\\/\",\"logo\":{\"@type\":\"ImageObject\",\"inLanguage\":\"de\",\"@id\":\"https:\\\/\\\/boheme-luzern.ch\\\/#\\\/schema\\\/logo\\\/image\\\/\",\"url\":\"https:\\\/\\\/i2.wp.com\\\/boheme-luzern.ch\\\/wp-content\\\/uploads\\\/2018\\\/04\\\/logo_boheme_transparent.gif?fit=97%2C68&ssl=1\",\"contentUrl\":\"https:\\\/\\\/i2.wp.com\\\/boheme-luzern.ch\\\/wp-content\\\/uploads\\\/2018\\\/04\\\/logo_boheme_transparent.gif?fit=97%2C68&ssl=1\",\"width\":97,\"height\":68,\"caption\":\"Boh\u00e8me Musig Loz\u00e4rn\"},\"image\":{\"@id\":\"https:\\\/\\\/boheme-luzern.ch\\\/#\\\/schema\\\/logo\\\/image\\\/\"},\"sameAs\":[\"https:\\\/\\\/de-de.facebook.com\\\/BohemeLuzern\\\/\"]}]}<\/script>\n<!-- \/ Yoast SEO plugin. -->","yoast_head_json":{"title":"Boh\u00e8me 2024 - Boh\u00e8me Musig Loz\u00e4rn","robots":{"index":"index","follow":"follow","max-snippet":"max-snippet:-1","max-image-preview":"max-image-preview:large","max-video-preview":"max-video-preview:-1"},"canonical":"https:\/\/boheme-luzern.ch\/index.php\/fotos\/boheme-2024\/","og_locale":"de_DE","og_type":"article","og_title":"Boh\u00e8me 2024 - Boh\u00e8me Musig Loz\u00e4rn","og_description":"Fasnachtsprogramm 2024 Fasnachtsprogramm_2024_farbig (pdf_Download) &#8230;&#8230;&#8230;&#8230;&#8230;&#8230;&#8230;&#8230;&#8230;&#8230;&#8230;&#8230;&#8230;&#8230;&#8230;&#8230;&#8230;&#8230;&#8230;&#8230;&#8230;&#8230;&#8230;&#8230;&#8230;&#8230;&#8230;&#8230;&#8230;&#8230;&#8230;&#8230;&#8230;&#8230;&#8230;&#8230;&#8230; Schmutziger Donnerstag Urknall SMUDO 2024 [...]","og_url":"https:\/\/boheme-luzern.ch\/index.php\/fotos\/boheme-2024\/","og_site_name":"Boh\u00e8me Musig Loz\u00e4rn","article_publisher":"https:\/\/de-de.facebook.com\/BohemeLuzern\/","article_modified_time":"2024-03-18T11:01:18+00:00","twitter_card":"summary_large_image","twitter_misc":{"Gesch\u00e4tzte Lesezeit":"1\u00a0Minute"},"schema":{"@context":"https:\/\/schema.org","@graph":[{"@type":"WebPage","@id":"https:\/\/boheme-luzern.ch\/index.php\/fotos\/boheme-2024\/","url":"https:\/\/boheme-luzern.ch\/index.php\/fotos\/boheme-2024\/","name":"Boh\u00e8me 2024 - Boh\u00e8me Musig Loz\u00e4rn","isPartOf":{"@id":"https:\/\/boheme-luzern.ch\/#website"},"datePublished":"2024-01-18T16:00:08+00:00","dateModified":"2024-03-18T11:01:18+00:00","breadcrumb":{"@id":"https:\/\/boheme-luzern.ch\/index.php\/fotos\/boheme-2024\/#breadcrumb"},"inLanguage":"de","potentialAction":[{"@type":"ReadAction","target":["https:\/\/boheme-luzern.ch\/index.php\/fotos\/boheme-2024\/"]}]},{"@type":"BreadcrumbList","@id":"https:\/\/boheme-luzern.ch\/index.php\/fotos\/boheme-2024\/#breadcrumb","itemListElement":[{"@type":"ListItem","position":1,"name":"Startseite","item":"https:\/\/boheme-luzern.ch\/"},{"@type":"ListItem","position":2,"name":"Fotos \/ Videos","item":"https:\/\/boheme-luzern.ch\/index.php\/fotos\/"},{"@type":"ListItem","position":3,"name":"Boh\u00e8me 2024"}]},{"@type":"WebSite","@id":"https:\/\/boheme-luzern.ch\/#website","url":"https:\/\/boheme-luzern.ch\/","name":"Boh\u00e8me Musig Loz\u00e4rn","description":"","publisher":{"@id":"https:\/\/boheme-luzern.ch\/#organization"},"potentialAction":[{"@type":"SearchAction","target":{"@type":"EntryPoint","urlTemplate":"https:\/\/boheme-luzern.ch\/?s={search_term_string}"},"query-input":{"@type":"PropertyValueSpecification","valueRequired":true,"valueName":"search_term_string"}}],"inLanguage":"de"},{"@type":"Organization","@id":"https:\/\/boheme-luzern.ch\/#organization","name":"Boh\u00e8me Musig Loz\u00e4rn","url":"https:\/\/boheme-luzern.ch\/","logo":{"@type":"ImageObject","inLanguage":"de","@id":"https:\/\/boheme-luzern.ch\/#\/schema\/logo\/image\/","url":"https:\/\/i2.wp.com\/boheme-luzern.ch\/wp-content\/uploads\/2018\/04\/logo_boheme_transparent.gif?fit=97%2C68&ssl=1","contentUrl":"https:\/\/i2.wp.com\/boheme-luzern.ch\/wp-content\/uploads\/2018\/04\/logo_boheme_transparent.gif?fit=97%2C68&ssl=1","width":97,"height":68,"caption":"Boh\u00e8me Musig Loz\u00e4rn"},"image":{"@id":"https:\/\/boheme-luzern.ch\/#\/schema\/logo\/image\/"},"sameAs":["https:\/\/de-de.facebook.com\/BohemeLuzern\/"]}]}},"jetpack_sharing_enabled":true,"jetpack_shortlink":"https:\/\/wp.me\/P9zzpd-2cp","jetpack_likes_enabled":true,"jetpack-related-posts":[],"_links":{"self":[{"href":"https:\/\/boheme-luzern.ch\/index.php\/wp-json\/wp\/v2\/pages\/8457","targetHints":{"allow":["GET"]}}],"collection":[{"href":"https:\/\/boheme-luzern.ch\/index.php\/wp-json\/wp\/v2\/pages"}],"about":[{"href":"https:\/\/boheme-luzern.ch\/index.php\/wp-json\/wp\/v2\/types\/page"}],"author":[{"embeddable":true,"href":"https:\/\/boheme-luzern.ch\/index.php\/wp-json\/wp\/v2\/users\/2"}],"replies":[{"embeddable":true,"href":"https:\/\/boheme-luzern.ch\/index.php\/wp-json\/wp\/v2\/comments?post=8457"}],"version-history":[{"count":41,"href":"https:\/\/boheme-luzern.ch\/index.php\/wp-json\/wp\/v2\/pages\/8457\/revisions"}],"predecessor-version":[{"id":9593,"href":"https:\/\/boheme-luzern.ch\/index.php\/wp-json\/wp\/v2\/pages\/8457\/revisions\/9593"}],"up":[{"embeddable":true,"href":"https:\/\/boheme-luzern.ch\/index.php\/wp-json\/wp\/v2\/pages\/202"}],"wp:attachment":[{"href":"https:\/\/boheme-luzern.ch\/index.php\/wp-json\/wp\/v2\/media?parent=8457"}],"curies":[{"name":"wp","href":"https:\/\/api.w.org\/{rel}","templated":true}]}}